{"id":10135,"date":"2023-12-19T02:48:54","date_gmt":"2023-12-19T02:48:54","guid":{"rendered":"https:\/\/www.diamondsforever.ch\/?page_id=10135"},"modified":"2023-12-19T02:51:50","modified_gmt":"2023-12-19T02:51:50","slug":"die-4-cs-cut","status":"publish","type":"page","link":"https:\/\/diamondsforever.ch\/de\/die-4-cs-cut\/","title":{"rendered":"Die 4 C&#8217;s: Cut"},"content":{"rendered":"<div class=\"text-center common-space\">\n<p style=\"text-align: left;\" data-gp-tth-0=\"6f74fc45cb71e181330f56917c8c89aa\"><strong>Das Verst\u00e4ndnis der 4 C\u2019s wird Ihnen helfen, den perfekten Diamanten f\u00fcr Ihren Partner zu finden<\/strong><\/p>\n<\/div>\n<div class=\"row di-cuts common-space\">\n<div class=\"col-md-12\">\n<h2 class=\"h2-choose\" style=\"text-align: left;\" data-gp-tth-0=\"7516c15aaaa1c97478fc7dbb17b32827\">Diamant Schnitt<\/h2>\n<p style=\"text-align: left;\" data-gp-tth-0=\"6643bd5c4d5521f70bb9977eb583cf67\">Der Schliff eines Diamanten bezieht sich nicht nur auf seine Form. Sie bestimmt auch, wie gut der Diamant das Licht einf\u00e4ngt und bricht, wodurch sein unnachahmliches Funkeln entsteht. Gut geschliffene Diamanten sind \u00e4u\u00dferst brillant, feurig und begehrenswert. Schlecht geschliffene Diamanten hingegen k\u00f6nnen matt und dunkel erscheinen, selbst wenn sie einen hohen Farb- oder Reinheitsgrad aufweisen.<\/p>\n<p style=\"text-align: left;\" data-gp-tth-0=\"4f26ac2eef12c5423bbba9dc1983548a\">Die intensive Ausstrahlung gut geschliffener Diamanten verleiht ihnen au\u00dferdem den Eindruck, gr\u00f6\u00dfer zu wirken als andere Diamanten mit dem gleichen Karatgewicht. Ideale Diamanten haben im Vergleich zu Diamanten mit tieferen Schliffen eine h\u00f6here Brillanz und einen h\u00f6heren Durchmesser.<\/p>\n<p class=\"mb-0\" style=\"text-align: left;\" data-gp-tth-0=\"8020bdb4d108ca0bcae6e36f49d3d0f3\">Der Schnitt wird oft als das wichtigste Merkmal der 4 C&#8217;s angesehen. Dies liegt daran, dass es den gr\u00f6\u00dften Einfluss auf das Gesamterscheinungsbild und die Qualit\u00e4t des Diamanten hat. Juweliere empfehlen, vor allem auf den Schliff eines Diamanten zu achten.<\/p>\n<div class=\"row di-cuts align-items-center common-space1\" style=\"text-align: left;\">\n<div class=\"col-md-6\">\n<h2 class=\"h2-choose d-none d-md-block\" data-gp-tth-0=\"da02978af027eff208bb4e178feeec2f\">Arten von Diamantschliffen<\/h2>\n<p data-gp-tth-0=\"4dfa064486d38066c5230752ddb311a6\">Die Qualit\u00e4t des Schliffs wird durch die Proportionen und die Symmetrie des Diamanten bestimmt. Ein qualitativ hochwertiger Schnitt kann nur von einem hochqualifizierten Handwerker erstellt werden.<\/p>\n<p data-gp-tth-0=\"87a359d38aa775782f4540c66448c714\">Diamanten werden nach einer Skala bewertet, die von \u201eIdeal\u201c bis \u201eSchlecht\u201c reicht. Sogar das unge\u00fcbte Auge wird bemerken, dass Diamanten mit einem h\u00f6heren Schliffgrad funkelnder sind als Diamanten mit einem niedrigeren Schliffgrad.<\/p>\n<ul class=\"unorder-list\">\n<li data-gp-tth-2=\"2bfe9c630f49d6b9332d2f3af9a9db59\"><strong data-gp-tth-0=\"8a34129a8844e32b299c7ebdfeac48ec\">Idealer Schnitt<\/strong>\u00a0Diamanten haben ein au\u00dfergew\u00f6hnliches Funkeln und eine makellose Symmetrie. Sie sind auf perfekte Proportionen zur Lichtbrechung zugeschnitten.<\/li>\n<li data-gp-tth-2=\"780c0dd6948b92ef71ca66cdc76d4864\"><strong data-gp-tth-0=\"78289f6ea2d755303c85464b866d5d20\">Ausgezeichneter Schnitt<\/strong>\u00a0Diamanten haben ein au\u00dfergew\u00f6hnliches Funkeln und gleichm\u00e4\u00dfige Muster.<\/li>\n<li data-gp-tth-2=\"d0295ae15523aa9808d4f673402aa6a9\"><strong data-gp-tth-0=\"bd0895fb90df292050528ef401bc78c3\">Sehr guter Schnitt<\/strong>\u00a0Diamanten haben einen tollen Glanz und Glanz. Sie gelten als symmetrisch.<\/li>\n<li data-gp-tth-2=\"a4075b725f6068d783581ff07676ed6b\"><strong data-gp-tth-0=\"0256a0693e1730bfe32b8de04d19a439\">Guter Schnitt<\/strong>\u00a0Diamanten haben ein feines Funkeln. Sie weisen ein angemessenes Ma\u00df an Glanz und Symmetrie auf.<\/li>\n<li data-gp-tth-2=\"250899ae7694d89edf58c02a5e2cda15\"><strong data-gp-tth-0=\"dc9cb32b78e1864977a8e510a30aa3fd\">Mittelm\u00e4\u00dfiger Schliff<\/strong>\u00a0Diamanten haben einen geringen Glanz und Glanz. Sie sind nicht immer symmetrisch.<\/li>\n<li data-gp-tth-2=\"9e425ba10dd094b310553eaef5cad146\"><strong data-gp-tth-0=\"b9e65ffc0b83b93220b049452f163555\">Schlechter Schnitt<\/strong>\u00a0Diamanten wirken matt und asymmetrisch, mit unebenen Stellen auf ihrer Oberfl\u00e4che.<\/li>\n<\/ul>\n<\/div>\n<\/div>\n<div class=\"row di-cuts common-space2\" style=\"text-align: left;\">\n<div class=\"col-md-12\">\n<h2 class=\"h2-choose\" data-gp-tth-0=\"36efa07afc6c2b99855200e9a4147f8b\">Runde und ausgefallene Diamantschliffe<\/h2>\n<p data-gp-tth-0=\"075679dcee5187a0ae5899cdcd1ea548\">Nur Diamanten mit rundem Brillantschliff k\u00f6nnen einen Idealschliff haben. Die Ausrichtung ihrer Facetten erleichtert das Schneiden perfekter Proportionen f\u00fcr optimalen Glanz und Symmetrie.<\/p>\n<p data-gp-tth-0=\"2521beb1de800c0918e82c4f7f45ea81\">Ausgefallen geformte Diamanten wie Oval-, Tropfen- und Smaragddiamanten haben unterschiedliche Facettenausrichtungen, was es schwierig macht, den Idealschliff zu erreichen. Dies bedeutet jedoch nicht, dass Diamanten mit ausgefallenen Formen von schlechter Qualit\u00e4t sind. Sie k\u00f6nnen immer noch die Note Excellent erreichen und einen exquisiten Glanz zeigen.<\/p>\n<p data-gp-tth-0=\"c7713efdf981d4b87c05d16714636df4\">Brides , die sich einzigartige Formen w\u00fcnschen, sollten nicht das Gef\u00fchl haben, bei der Auswahl eines Diamanten mit ausgefallener Form auf Qualit\u00e4t oder Sch\u00f6nheit zu verzichten. Suchen Sie nach Diamanten mit ausgezeichnetem Polier- und Symmetriegrad, um sicherzustellen, dass Sie einen hochwertigen Stein erhalten, der die Individualit\u00e4t Ihrer Liebsten unterstreicht.<\/p>\n<\/div>\n<\/div>\n<div class=\"row di-cuts common-space2\">\n<div class=\"col-md-12\">\n<h2 class=\"h2-choose\" style=\"text-align: left;\" data-gp-tth-0=\"c0c92b6779fd7872b332e16fbc91d518\">Bewertung von Diamanten mit ausgefallenen Formen<\/h2>\n<p style=\"text-align: left;\" data-gp-tth-0=\"84cbc40ec385a31186095b8e4d406480\">Ausgefallen geformte Diamanten haben die gleichen Qualit\u00e4ten wie runde Diamanten, Gemmologen verwenden bei der Bewertung jedoch einen anderen Ansatz. Runde Diamanten werden anhand pr\u00e4ziser Messungen bewertet, w\u00e4hrend Diamanten mit ausgefallenen Formen einen eher subjektiven Ansatz verfolgen, bei dem das Aussehen des Steins und die Schliffausf\u00fchrung gemessen werden.<\/p>\n<div class=\"row di-cuts common-space2\" style=\"text-align: left;\">\n<div class=\"col-md-12\">\n<h2 class=\"h2-choose\" data-gp-tth-0=\"4a9d0bdae6b1acbd8469cbc4bb52c793\">Brillanz, Streuung, Feuer und Funkeln<\/h2>\n<p data-gp-tth-0=\"0017e71daf83cac31ddb2dc6a938b7f2\">Jeder gut geschliffene Diamant weist vier Hauptmerkmale auf: Brillanz, Streuung, Feuer und Funkeln.<\/p>\n<ul class=\"unorder-list mb-3\">\n<li data-gp-tth-2=\"6e3fac70e80be03faa92ee979bc2782c\"><strong data-gp-tth-0=\"fbcaf9490a9869fc66a98891d99f655a\">Brillanz<\/strong>\u00a0bezieht sich auf das Licht, das von der Oberfl\u00e4che eines Diamanten reflektiert wird. Wenn Licht auf die Oberfl\u00e4che eines Diamanten trifft, wird es entweder von der Oberfl\u00e4che reflektiert oder dringt in den Stein ein. Ein gut geschliffener Diamant l\u00e4sst das Licht eher reflektieren als eindringen und sorgt so f\u00fcr ein atemberaubend gl\u00e4nzendes Erscheinungsbild.<\/li>\n<li data-gp-tth-2=\"0dc8a9441f3b56324e2a3c607b5475a7\"><strong data-gp-tth-0=\"7d93f4325ec428fcd605418bb619638b\">Streuung<\/strong>\u00a0entsteht, wenn Lichtstrahlen sich nach dem Auftreffen auf die Oberfl\u00e4che des Diamanten in Farbblitze aufspalten.<\/li>\n<li data-gp-tth-2=\"4694be64aab00cd01ed92c89fe0d256b\"><strong data-gp-tth-0=\"7f9f6b05e90a7352b034522875f68428\">Feuer<\/strong>\u00a0ist das Ergebnis der Streuung. Wei\u00dfes Licht zerf\u00e4llt in die Spektralfarben des Regenbogens und erzeugt auf der Oberfl\u00e4che des Diamanten ein feuriges Aussehen.<\/li>\n<li data-gp-tth-2=\"218b2b51718e6447c901d18c07c572c2\"><strong data-gp-tth-0=\"41323c1aec40ee10d0078c2f70d22df8\">Funkeln<\/strong>\u00a0sind die Farbblitze, die immer dann sichtbar sind, wenn sich der Diamant bewegt. Es ist das Spiel zwischen Feuer und Wei\u00df in den Facetten des Diamanten.<\/li>\n<\/ul>\n<p data-gp-tth-0=\"40ed4f8e3328e47c1ff694887e865fa1\">Alle vier dieser Elemente vereinen sich in einem gut geschliffenen Diamanten, unabh\u00e4ngig von seiner Form, und erzeugen ein pr\u00e4chtiges und wundersch\u00f6nes Funkeln.<\/p>\n<\/div>\n<\/div>\n<div class=\"row di-cuts common-space2\">\n<div class=\"col-lg-8 col-md-7\">\n<h2 class=\"h2-choose\" style=\"text-align: left;\" data-gp-tth-0=\"fd6763c5ee46535fc198135da31d9499\">Ideale Schnitte<\/h2>\n<p style=\"text-align: left;\" data-gp-tth-0=\"10b71d575b1e56a3f659acebe3e00455\">Ein perfekt geschliffener Stein wird als Diamant im Idealschliff bezeichnet. Diese Diamanten sind so geschliffen, dass sie praktisch das gesamte Licht, das in sie eindringt, zur\u00fcckreflektieren. Um einen Diamanten im Idealschliff herzustellen, muss der Stein nach genauen Standards geschliffen werden, die zu bestimmten Proportionen f\u00fchren.<\/p>\n<p style=\"text-align: left;\" data-gp-tth-0=\"d2e37ddc64b826ba5385cc8e1dce6cfc\">Diamanten im Idealschliff haben im Vergleich zu anderen Steinen ein unvergleichliches Funkeln. Sie verf\u00fcgen \u00fcber das h\u00f6chste Ma\u00df an Brechung, Feuer und Szintillation und wirken wie ein echtes Prisma, wenn sie mit Licht interagieren. Dieser kraftvolle Glanz l\u00e4sst den Stein oft gr\u00f6\u00dfer erscheinen, als er tats\u00e4chlich ist.<\/p>\n<p style=\"text-align: left;\" data-gp-tth-0=\"01323f0f24f6a88150544157fd58eb25\">Viele Diamanten im Idealschliff haben ein Aussehen, das an die Form von Herzen und Pfeilen erinnert. Die Herzen sind von unten sichtbar, w\u00e4hrend die Pfeile von den Seiten sichtbar sind. Diese Steine \u200b\u200bwerden auch als Hearts and Arrows-Diamanten bezeichnet, eine verspielte Anspielung auf Amors romantische Instrumente.<\/p>\n<h2 class=\"h2-choose\" style=\"text-align: left;\" data-gp-tth-0=\"c40e81f904c7b4f02a871c40305974a4\">Bestimmung des Schliffs von im Labor gez\u00fcchteten Diamanten<\/h2>\n<p style=\"text-align: left;\" data-gp-tth-0=\"5aaf9d4de7685b5960ab45fd96cce4fe\">Im Labor gez\u00fcchtete Diamanten werden mit denselben Verfahren und Werkzeugen geschliffen wie gef\u00f6rderte Diamanten und werden daher nach demselben System bewertet.<\/p>\n<p style=\"text-align: left;\" data-gp-tth-0=\"72d9aee109ca9a06dd6c16bb902e89f7\">Ein weiterer Vorteil der Wahl von im Labor gez\u00fcchteten Diamanten besteht neben ihrer Ethik und ihrem Wert darin, dass sie tendenziell einen besseren Schliff haben. Synthetisches Rohmaterial ist im Allgemeinen gleichm\u00e4\u00dfiger und weist weniger Unvollkommenheiten auf als abgebautes Rohmaterial. Dies bedeutet, dass Schleifer aus synthetischem Rohmaterial hochwertigere Steine \u200b\u200bformen k\u00f6nnen, da sie weniger Einschr\u00e4nkungen haben. Im Labor gez\u00fcchtete Diamanten k\u00f6nnen leicht geschliffen werden, um die Sch\u00f6nheit und den inneren Glanz des Steins zu optimieren.<\/p>\n<p style=\"text-align: left;\" data-gp-tth-0=\"337eb0b2a6bd6189633480e60557327c\">Der Schliff sollte bei der Auswahl eines Diamanten h\u00f6chste Priorit\u00e4t haben, da er sich direkt auf dessen Strahlkraft auswirkt. Reinheit, Farbe und Karatgewicht k\u00f6nnen sekund\u00e4re Faktoren sein. Denken Sie daran, dass ein kleinerer Diamant mit einem hochwertigeren Schliff verlockender ist als ein gr\u00f6\u00dferer Stein mit einem schlechteren Schliff!<\/p>\n<\/div>\n<\/div>\n<\/div>\n<\/div>\n<\/div>\n<\/div>\n","protected":false},"excerpt":{"rendered":"<p>Das Verst\u00e4ndnis der 4 C\u2019s wird Ihnen helfen, den perfekten Diamanten f\u00fcr Ihren Partner zu finden Diamant Schnitt Der Schliff<\/p>\n","protected":false},"author":1,"featured_media":0,"parent":0,"menu_order":0,"comment_status":"closed","ping_status":"closed","template":"","meta":{"footnotes":""},"class_list":["post-10135","page","type-page","status-publish","hentry"],"_links":{"self":[{"href":"https:\/\/diamondsforever.ch\/de\/wp-json\/wp\/v2\/pages\/10135","targetHints":{"allow":["GET"]}}],"collection":[{"href":"https:\/\/diamondsforever.ch\/de\/wp-json\/wp\/v2\/pages"}],"about":[{"href":"https:\/\/diamondsforever.ch\/de\/wp-json\/wp\/v2\/types\/page"}],"author":[{"embeddable":true,"href":"https:\/\/diamondsforever.ch\/de\/wp-json\/wp\/v2\/users\/1"}],"replies":[{"embeddable":true,"href":"https:\/\/diamondsforever.ch\/de\/wp-json\/wp\/v2\/comments?post=10135"}],"version-history":[{"count":1,"href":"https:\/\/diamondsforever.ch\/de\/wp-json\/wp\/v2\/pages\/10135\/revisions"}],"predecessor-version":[{"id":10136,"href":"https:\/\/diamondsforever.ch\/de\/wp-json\/wp\/v2\/pages\/10135\/revisions\/10136"}],"wp:attachment":[{"href":"https:\/\/diamondsforever.ch\/de\/wp-json\/wp\/v2\/media?parent=10135"}],"curies":[{"name":"wp","href":"https:\/\/api.w.org\/{rel}","templated":true}]}}