{"id":10142,"date":"2023-12-19T02:58:15","date_gmt":"2023-12-19T02:58:15","guid":{"rendered":"https:\/\/www.diamondsforever.ch\/?page_id=10142"},"modified":"2023-12-19T03:01:34","modified_gmt":"2023-12-19T03:01:34","slug":"die-4-cs-farbe","status":"publish","type":"page","link":"https:\/\/diamondsforever.ch\/de\/die-4-cs-farbe\/","title":{"rendered":"Die 4 C&#8217;s: Farbe"},"content":{"rendered":"<div class=\"wpb-content-wrapper\"><p>[vc_row][vc_column][vc_column_text woodmart_inline=&#8220;no&#8220; text_larger=&#8220;no&#8220;]<\/p>\n<div class=\"text-center common-space\">\n<div class=\"text-center common-space\">\n<p style=\"text-align: left;\" data-gp-tth-0=\"6f74fc45cb71e181330f56917c8c89aa\">Das Verst\u00e4ndnis der 4 C\u2019s wird Ihnen helfen, den perfekten Diamanten f\u00fcr Ihren Partner zu finden<\/p>\n<\/div>\n<div class=\"row di-color\" style=\"text-align: left;\">\n<div class=\"col-12\">\n<h2 class=\"h2-choose d-none d-md-block\" data-gp-tth-0=\"e9c43c08ce7eea1b4fc8ee44ce009f04\">Diamantfarbe<\/h2>\n<p data-gp-tth-0=\"7e74b1cebdb020443d763ba9ea7a23e0\">So seltsam es auch erscheinen mag, diese Eigenschaft bezieht sich auf die fehlende Farbe eines Diamanten. Je weniger Farbe es hat, desto reiner ist die Brillanz.<\/p>\n<p data-gp-tth-0=\"294983cc72301fc783ec90b3e589122c\">Interessant ist, dass Diamanten tats\u00e4chlich in jeder Farbe des Regenbogens erh\u00e4ltlich sind. Am wertvollsten sind jedoch traditionell farblose oder wei\u00dfe Diamanten. Juweliere empfehlen, einen Stein mit m\u00f6glichst wenig Farbe zu w\u00e4hlen, wenn Sie der Tradition treu bleiben m\u00f6chten. Wer nicht gegen Farbe ist, muss sich keine Sorgen machen. Sie k\u00f6nnen sich durchaus f\u00fcr einen farbigen Diamanten entscheiden, wenn Sie das bevorzugen.<\/p>\n<p class=\"mb-0\" data-gp-tth-0=\"933bb0be4bc14339e073fbd1e363d05b\">Die Farbe wird oft als das zweitwichtigste C angesehen, da sie einen gro\u00dfen Einfluss auf den Wert des Diamanten haben kann.<\/p>\n<\/div>\n<\/div>\n<\/div>\n<p>[\/vc_column_text][\/vc_column][\/vc_row][vc_row][vc_column width=&#8220;2\/3&#8243;][vc_column_text woodmart_inline=&#8220;no&#8220; text_larger=&#8220;no&#8220;]<\/p>\n<h2 class=\"h2-choose\" data-gp-tth-0=\"d3eceac147c76697afa165ef2994973a\">Die Diamant-Farbskala<\/h2>\n<p data-gp-tth-0=\"860682f3b3d787d6d9769e48096d43c9\">Die Diamantfarbe wird auf einer DZ-Skala bewertet. Jede Note ist in eine von f\u00fcnf Kategorien unterteilt:<\/p>\n<ul class=\"unorder-list mb-3\">\n<li data-gp-tth-0=\"044f2cdd21e83b6226cf6da78c4aab5c\">Farblos<\/li>\n<li data-gp-tth-0=\"b7eff83143b8ab0599b50551abc0c02f\">Nahezu farblos<\/li>\n<li data-gp-tth-0=\"8243b9ad87787dd9b8ae579bc2429a67\">Schwach<\/li>\n<li data-gp-tth-0=\"7e84c638909822c8c3b9ef5421455f35\">Sehr leicht<\/li>\n<li data-gp-tth-0=\"c8f1ac1513293af37c9ad8dc06101be6\">Licht<\/li>\n<\/ul>\n<p>[\/vc_column_text][\/vc_column][vc_column width=&#8220;1\/3&#8243;][vc_single_image image=&#8220;10140&#8243; img_size=&#8220;full&#8220; parallax_scroll=&#8220;no&#8220; woodmart_inline=&#8220;no&#8220;][\/vc_column][\/vc_row][vc_row][vc_column][vc_column_text woodmart_inline=&#8220;no&#8220; text_larger=&#8220;no&#8220;]<\/p>\n<p data-gp-tth-0=\"19db9d51675ace2cd43a04037eaab7b5\">Ein farbloser Diamant ist fast reinwei\u00df, w\u00e4hrend niedrigere Qualit\u00e4ten einen gelblichen Farbton haben. Dies wird durch das Spurenelement Stickstoff verursacht. V\u00f6llig farblose Diamanten gelten als chemisch rein und strukturell perfekt; Unvollkommenheiten und Verunreinigungen verursachen Farbschwankungen bei Diamanten.<\/p>\n<p data-gp-tth-0=\"9a829f304a83458d179d1297de4b202f\">Farbunterschiede sind f\u00fcr das unge\u00fcbte Auge nur sehr schwer zu erkennen. Im Allgemeinen k\u00f6nnen Sie keinen Unterschied erkennen, es sei denn, die Diamanten unterscheiden sich um zwei Farbstufen, und selbst dann h\u00e4ngt es von der Position des Diamanten ab. Wenn ein Diamant mit der Vorderseite nach oben zeigt, was wahrscheinlich der Fall ist, erkennt das blo\u00dfe Auge keine Farbe. Am Seitenprofil des Diamanten sind m\u00f6glicherweise Farbspuren zu sehen, die wahrscheinlich teilweise von der Ringfassung verdeckt werden.<\/p>\n<p data-gp-tth-2=\"6bdcdd3eeb988bc251068efa8d54747a\"><strong data-gp-tth-0=\"4710dfa9761c7badeb6596a3066b16ab\">Farblose Diamanten haben die G\u00fcteklasse DF.<\/strong>\u00a0Dies sind die seltensten und wertvollsten Diamanten \u00fcberhaupt. Sie zeigen fast keine Farbe. Diamanten der G\u00fcteklasse F weisen einen winzigen Farbfleck auf, der f\u00fcr Gemmologen jedoch nur sichtbar ist, wenn er mit der Vorderseite nach unten betrachtet wird.<\/p>\n<p data-gp-tth-2=\"85f8bcff34a3285ac9a76c2a299f5022\"><strong data-gp-tth-0=\"9b09485af7dedf270e95aa182f5fdb3d\">Nahezu farblose Diamanten haben die G\u00fcteklasse GJ.<\/strong>\u00a0Diamanten in diesem Bereich erscheinen bei Betrachtung mit der Vorderseite nach oben farblos, weisen jedoch bei Betrachtung mit der Vorderseite nach unten vor einem wei\u00dfen Hintergrund Spuren von Farben auf. Nach der Montage ist die Farbe f\u00fcr ein unge\u00fcbtes Auge nicht sichtbar. Nahezu farblose Diamanten bieten ein hervorragendes Preis-Leistungs-Verh\u00e4ltnis.<\/p>\n<p data-gp-tth-2=\"661ac57beabda40d6a9f8a07690fd8aa\"><strong data-gp-tth-0=\"c4be9c6b735f6f091c57f32b17ce4449\">Diamanten mit schwacher Farbe haben die G\u00fcteklasse KM.<\/strong>\u00a0In dieser Kategorie finden Sie Diamanten, die in offener Position eine Spur von Farbe aufweisen k\u00f6nnen. Es ist eine ausgezeichnete Option f\u00fcr diejenigen, die Farbe m\u00f6gen und ihr Budget erweitern m\u00f6chten.<\/p>\n<p data-gp-tth-0=\"87ec48913979c10fd419797279f36e38\">Wie bereits erw\u00e4hnt, weisen Diamanten der Kategorien \u201esehr hell\u201c oder \u201ehell\u201c h\u00e4ufig einen gelben Farbton auf. Manchmal k\u00f6nnen sie einen br\u00e4unlichen Farbton haben. Je nach Intensit\u00e4t des Farbtons werden sie Champagner- oder Cognac-Diamanten genannt. W\u00e4hrend Gelb durch Stickstoff verursacht wird, geht man davon aus, dass Braun durch innere K\u00f6rnung verursacht wird. Die erdige Farbe entsteht durch strukturelle Unregelm\u00e4\u00dfigkeiten in Kombination mit Verunreinigungen wie Stickstoff.<\/p>\n<p>[\/vc_column_text][vc_column_text woodmart_inline=&#8220;no&#8220; text_larger=&#8220;no&#8220;]<\/p>\n<h2 class=\"h2-choose\" data-gp-tth-0=\"0736ab2b8048e70f57cdd682ce8b7cec\">So fassen Sie Diamanten entsprechend ihrer Farbe ein<\/h2>\n<p data-gp-tth-0=\"ed1df44415548039670d1df859411d4a\">Das Metall, das Sie f\u00fcr die Fassung Ihres Diamanten w\u00e4hlen, kann die Farbe Ihres Diamanten beeinflussen. Stellen Sie sicher, dass Ihr Diamant optimal aussieht, indem Sie die schmeichelhafteste Metallart ausw\u00e4hlen.<\/p>\n<ul class=\"unorder-list\">\n<li data-gp-tth-2=\"9ea2e78aaead993af21647a55b6bb1b6\"><strong data-gp-tth-0=\"ac1c2cbf7921e72c92a0311e1db04122\">Farblose Diamanten<\/strong>\u00a0passen gut zu Platin, Palladium oder Wei\u00dfgold. Das reine Wei\u00df farbloser Diamanten erzeugt einen k\u00fchlen Farbton, der am besten zu silbernen Metallen passt. Durch die Wahl eines k\u00fchlen Metalls wird die Reinheit der Farbe des Diamanten betont.<\/li>\n<li data-gp-tth-2=\"a86bb66700df6fc4620dab0d60d34d7b\"><strong data-gp-tth-0=\"2cd1ff40cbef0925178dd26607c35881\">Nahezu farblose Diamanten<\/strong>\u00a0Passt gut zu Wei\u00df-, Gelb- oder Ros\u00e9gold. Diese vielseitigen Diamanten sind gr\u00f6\u00dftenteils wei\u00df und sehen auf jeder Art von Goldfassung gro\u00dfartig aus. Die warmen Farben Gelb und Ros\u00e9gold sorgen daf\u00fcr, dass eventuelle Farbspuren weniger auffallen.<\/li>\n<li data-gp-tth-2=\"a1eaeff5c0b72822cbf621cb8a5865b5\"><strong data-gp-tth-0=\"b74a253cd1abc094590951c21c10b4c1\">Blass gef\u00e4rbte Diamanten<\/strong>\u00a0passt gut zu Gelb- oder Ros\u00e9gold. Die W\u00e4rme gelber und brauner Untert\u00f6ne in schwach gef\u00e4rbten Diamanten sieht am besten vor ebenso warmen Metallen aus.<\/li>\n<\/ul>\n<p>[\/vc_column_text][vc_column_text woodmart_inline=&#8220;no&#8220; text_larger=&#8220;no&#8220;]<\/p>\n<h2 class=\"h2-choose\" data-gp-tth-0=\"ba9613cb2543ea46cf8f4f25c3d05c2d\">Farbige \u201efancy\u201c Diamanten<\/h2>\n<p data-gp-tth-0=\"d08af686b96568202e6f6ab60d966e8d\">Wer sich nach Farbe und Lebendigkeit sehnt, kann sich sicherlich f\u00fcr farbenpr\u00e4chtige Diamanten entscheiden, die auch als Fancy-Diamanten bekannt sind.<\/p>\n<p data-gp-tth-0=\"9f30c3160ab9a016d7329aaa57e75b4a\">Diamanten gibt es von Natur aus in fast allen Farben: Gelb, Blau, Rosa, Gr\u00fcn, Lila, Rot, Orange, Grau und sogar Schwarz. Ausgefallene farbige Diamanten sind seltener als farblose Diamanten, was ihre Attraktivit\u00e4t erh\u00f6hen kann. Diese Rarit\u00e4t gilt auch f\u00fcr im Labor gez\u00fcchtete Diamanten. Es gibt ein begrenztes Angebot an farbigen, im Labor gez\u00fcchteten Diamanten; Es wird gesch\u00e4tzt, dass nur 1 % der im Labor gez\u00fcchteten Diamanten gef\u00e4rbt sind.<\/p>\n<p data-gp-tth-0=\"9f7f0e808868ee038ddb7d88d151ca96\">Die Seltenheit der Farbe ist der entscheidende Faktor f\u00fcr einen Diamanten in einer ausgefallenen Farbe. Je kr\u00e4ftiger und reiner die Farbe ist, desto wertvoller ist der Diamant. Die wertvollsten farbigen Diamanten sind Rosa und Blau. Gelbe Diamanten sind nicht so selten, werden aber dennoch wegen ihrer W\u00e4rme und Goldt\u00f6ne gesch\u00e4tzt.<\/p>\n<p data-gp-tth-0=\"706ee9526af8be19e757a8a54efdf5bb\">F\u00fcr Diamanten mit ausgefallenen Farben gibt es immer noch eine Bewertungsskala, die jedoch anders ist als f\u00fcr farblose Diamanten. Das System bewertet deren Farbton, Ton und S\u00e4ttigung.<\/p>\n<ul class=\"unorder-list mb-3\">\n<li data-gp-tth-2=\"4425f3cc48c3e39cd846e64fa9c98806\"><strong data-gp-tth-0=\"aa9d0d1330d7416576c5c4161ce7f4bf\">Farbton<\/strong>\u00a0definiert die Hauptfarbe des Steins<\/li>\n<li data-gp-tth-2=\"3a4b92eb4a7771e0859f9d9232840420\"><strong data-gp-tth-0=\"02bdb3228da0011c81ca4f26fe343088\">Ton<\/strong>\u00a0Bewertet die Helligkeit oder Dunkelheit des Steins<\/li>\n<li data-gp-tth-2=\"d8a67ae7aeb37de0c30af9e23a1d720d\"><strong data-gp-tth-0=\"20b6cc57b40106d762a15c761f33f63e\">S\u00e4ttigung<\/strong>\u00a0beschreibt die Intensit\u00e4t des Farbtons<\/li>\n<\/ul>\n<p data-gp-tth-0=\"dc1a00f9fdbf4f9b82738ac43fe3025f\">Die Farbstufe des Steins wird durch den Farbton und die S\u00e4ttigung bestimmt, die dann auf einer Skala vom hellsten bis zum dunkelsten abgestuft werden. Der genaue Ma\u00dfstab ist:<\/p>\n<ul class=\"unorder-list mb-3\">\n<li data-gp-tth-0=\"83e2f54e8950667d1c08c22d506e6307\">Am leichtesten<\/li>\n<li data-gp-tth-0=\"8243b9ad87787dd9b8ae579bc2429a67\">Schwach<\/li>\n<li data-gp-tth-0=\"7e84c638909822c8c3b9ef5421455f35\">Sehr leicht<\/li>\n<li data-gp-tth-0=\"c8f1ac1513293af37c9ad8dc06101be6\">Licht<\/li>\n<li data-gp-tth-0=\"4bd4377fd1aa1c979166b4984d86f976\">Ausgefallenes Licht<\/li>\n<li data-gp-tth-0=\"91643e8dc1df70286c96efbb938c1a70\">Schick<\/li>\n<li data-gp-tth-0=\"67c94e3faff52dd9b8d326505aee2ec9\">Lustig intensiv<\/li>\n<li data-gp-tth-0=\"39b7375a29492a6c3ad60c64e5989adb\">Lust auf Lebendigkeit<\/li>\n<li data-gp-tth-0=\"7e1cc55ff9437d4026a3eb944ffd5fe1\">Lustig dunkel<\/li>\n<li data-gp-tth-0=\"624cde904ed39d3b53fe5a00cad34e3c\">Lust auf Tief<\/li>\n<\/ul>\n<p data-gp-tth-0=\"c3693451e56c1eac559c54a2717f3ae7\">Anschlie\u00dfend werden die Diamanten mit ihrem Farbton beschrieben. Beispielsweise w\u00fcrde ein hellblauer Diamant als \u201eFancy Light Blue Diamond\u201c bezeichnet, w\u00e4hrend ein leuchtend rosafarbener Diamant als \u201eFancy Deep Pink Diamond\u201c bezeichnet w\u00fcrde.<\/p>\n<p data-gp-tth-0=\"01de3022c8737b9ffa54552b563f2c16\">Fancy Deep-Diamanten gelten als die wertvollsten, aber diejenigen, die Pastellt\u00f6ne bevorzugen, k\u00f6nnen im hellen Bereich sanfte Farben finden, die zu ihrer \u00c4sthetik passen.<\/p>\n<p>[\/vc_column_text][vc_column_text woodmart_inline=&#8220;no&#8220; text_larger=&#8220;no&#8220;]<\/p>\n<div class=\"col-main gbeducation-new-main gbeducation-4cs-main gbeducation-4cscut-main\">\n<div class=\"container\">\n<div class=\"row di-color common-space\">\n<div class=\"col-md-12\">\n<h2 class=\"h2-choose\" data-gp-tth-0=\"165035e428bad9239ad81b594147af2a\">Farbe mit im Labor gez\u00fcchteten Diamanten<\/h2>\n<p data-gp-tth-0=\"6549bd2f3424d2ff1317a2cfa9aca244\">Die 4 C&#8217;s gelten immer noch f\u00fcr im Labor gez\u00fcchtete Diamanten, auch wenn sie in einer kontrollierten Umgebung hergestellt werden. Ihr Herstellungsprozess ist der Natur nachempfunden, was bedeutet, dass es dennoch zu Qualit\u00e4tsschwankungen kommen kann. Dazu geh\u00f6rt auch Farbe. Im Labor gez\u00fcchtete Diamanten sollten hinsichtlich der Farbabstufung genauso behandelt werden wie abgebaute Diamanten.<\/p>\n<p class=\"mb-0\" data-gp-tth-0=\"e0dd9532149dcb2d253b74af7d5e7137\">Welche Diamantfarbe Sie w\u00e4hlen, sollte letztendlich von Ihren pers\u00f6nlichen Vorlieben abh\u00e4ngen. Farblos oder Fancy Deep m\u00f6gen auf dem Papier die wertvollsten Diamanten sein, aber ein schwach gef\u00e4rbter Diamant ist f\u00fcr Sie am wertvollsten, wenn Sie ihn am sch\u00f6nsten finden.<\/p>\n<\/div>\n<\/div>\n<\/div>\n<\/div>\n<div class=\" common-space1-top\">\n<div class=\"footer-about text-center whyho_brilliance\">\n<div class=\"container\">\n<div class=\"common-space\"><\/div>\n<\/div>\n<\/div>\n<\/div>\n<p>[\/vc_column_text][\/vc_column][\/vc_row]<\/p>\n<\/div>","protected":false},"excerpt":{"rendered":"<p>[vc_row][vc_column][vc_column_text woodmart_inline=&#8220;no&#8220; text_larger=&#8220;no&#8220;] Das Verst\u00e4ndnis der 4 C\u2019s wird Ihnen helfen, den perfekten Diamanten f\u00fcr Ihren Partner zu finden Diamantfarbe<\/p>\n","protected":false},"author":1,"featured_media":0,"parent":0,"menu_order":0,"comment_status":"closed","ping_status":"closed","template":"","meta":{"footnotes":""},"class_list":["post-10142","page","type-page","status-publish","hentry"],"_links":{"self":[{"href":"https:\/\/diamondsforever.ch\/de\/wp-json\/wp\/v2\/pages\/10142","targetHints":{"allow":["GET"]}}],"collection":[{"href":"https:\/\/diamondsforever.ch\/de\/wp-json\/wp\/v2\/pages"}],"about":[{"href":"https:\/\/diamondsforever.ch\/de\/wp-json\/wp\/v2\/types\/page"}],"author":[{"embeddable":true,"href":"https:\/\/diamondsforever.ch\/de\/wp-json\/wp\/v2\/users\/1"}],"replies":[{"embeddable":true,"href":"https:\/\/diamondsforever.ch\/de\/wp-json\/wp\/v2\/comments?post=10142"}],"version-history":[{"count":2,"href":"https:\/\/diamondsforever.ch\/de\/wp-json\/wp\/v2\/pages\/10142\/revisions"}],"predecessor-version":[{"id":10144,"href":"https:\/\/diamondsforever.ch\/de\/wp-json\/wp\/v2\/pages\/10142\/revisions\/10144"}],"wp:attachment":[{"href":"https:\/\/diamondsforever.ch\/de\/wp-json\/wp\/v2\/media?parent=10142"}],"curies":[{"name":"wp","href":"https:\/\/api.w.org\/{rel}","templated":true}]}}