{"id":9866,"date":"2021-08-25T07:26:28","date_gmt":"2021-08-25T06:26:28","guid":{"rendered":"https:\/\/www.diamondsforever.ch\/?page_id=9866"},"modified":"2023-12-25T22:27:39","modified_gmt":"2023-12-25T22:27:39","slug":"ueber-uns","status":"publish","type":"page","link":"https:\/\/diamondsforever.ch\/de\/ueber-uns\/","title":{"rendered":"\u00dcber uns"},"content":{"rendered":"<h3>Meine Liebe zu Diamanten<\/h3>\n<p>Willkommen bei Diamonds Forever, wo zeitlose Eleganz auf unvergleichliche Handwerkskunst trifft. Bei Diamonds Forever glauben wir an mehr als nur Diamanten; Wir glauben daran, die wertvollsten Momente des Lebens mit Brillanz und Raffinesse zu feiern. Als Gr\u00fcnderin und Kuratorin dieses Schmuckparadieses freue ich mich, mit Ihnen die Tiefe meiner Liebe zu diesen faszinierenden Edelsteinen zu teilen.<\/p>\n<h3>Eine lebenslange Zuneigung<\/h3>\n<p>Schon in jungen Jahren hatten Diamanten einen besonderen Platz in meinem Herzen. Ihr zeitloser Reiz, die Art und Weise, wie sie Licht einfangen und reflektieren, und die Geschichten, die sie still erz\u00e4hlen, haben mich schon immer fasziniert. Meine Reise mit Diamanten ist nicht nur ein gesch\u00e4ftliches Unterfangen; Es ist eine wahre Liebesgeschichte, die sich \u00fcber die Jahre entwickelt hat.<\/p>\n<h3>Unsere Geschichte<\/h3>\n<p>Unsere Reise begann mit einer einfachen, aber tiefgreifenden Vision: dauerhafte Symbole f\u00fcr Liebe und Engagement, beispiellose Qualit\u00e4t und Hingabe, Loyalit\u00e4t, Verantwortung und Teilen zu schaffen, nicht f\u00fcr irgendeinen irrationalen Profit, sondern um echte Spitzenqualit\u00e4t zu schaffen Preis, der v\u00f6llig transparent, fair und angemessen ist. Im Laufe der Jahre haben wir unser Fachwissen verfeinert und traditionelle Handwerkskunst mit zeitgen\u00f6ssischem Design kombiniert, um Ihnen au\u00dfergew\u00f6hnliche St\u00fccke zu bieten, die \u00fcber Trends hinausgehen und den Test der Zeit bestehen.<\/p>\n<h3>Unsere Philosophie<\/h3>\n<p>Das Herzst\u00fcck von Diamonds Forever ist die Verpflichtung zu Authentizit\u00e4t, Qualit\u00e4t und ethischen Praktiken. Wir beziehen unsere Diamanten verantwortungsvoll und stellen sicher, dass sie den h\u00f6chsten Qualit\u00e4tsstandards entsprechen und die strengsten ethischen Richtlinien einhalten. Jedes St\u00fcck unserer Kollektion ist ein Beweis f\u00fcr unser Engagement f\u00fcr Sch\u00f6nheit, Integrit\u00e4t und soziale Verantwortung.<\/p>\n<h3>Ethische Eleganz<\/h3>\n<p>\u00dcber den Reiz von Diamanten hinaus sind wir der ethischen Eleganz verpflichtet. Unsere Beschaffungspraktiken legen Wert auf Nachhaltigkeit und stellen sicher, dass jedes St\u00fcck nicht nur ein Beweis der Liebe, sondern auch eine bewusste Entscheidung f\u00fcr eine bessere Welt ist.<\/p>\n<h3>Das Diamonds Forever-Erlebnis<\/h3>\n<p>Treten Sie ein in unsere Welt, in der jeder Diamant eine einzigartige Geschichte erz\u00e4hlt. Unsere kuratierte Kollektion umfasst exquisite Verlobungsringe, zeitlose Eheringe und atemberaubende Schmuckst\u00fccke, die die Essenz der besonderen Momente des Lebens einfangen. Egal, ob Sie Ihre Liebe zum Ausdruck bringen, einen Meilenstein markieren oder einfach nur der Freude am Selbstausdruck fr\u00f6nen, Diamonds Forever ist hier, um Ihre Momente unvergesslich zu machen.<\/p>\n<h3>Ethisches Engagement<\/h3>\n<p>Meine Liebe zu Diamanten geht \u00fcber die \u00c4sthetik hinaus. Es beinhaltet eine Verpflichtung zu ethischen Praktiken. Ich setze mich daf\u00fcr ein, Diamanten verantwortungsvoll zu beschaffen, der Nachhaltigkeit Priorit\u00e4t einzur\u00e4umen und zu einem positiven Einfluss auf die Welt beizutragen.<\/p>\n<h3>Unser Engagement<\/h3>\n<p>Wir sind nicht nur Lieferant von edlem Schmuck; Wir sind Kuratoren von Emotionen, Architekten von Erinnerungen und Verfechter dauerhafter Sch\u00f6nheit. Unser Team aus erfahrenen Kunsthandwerkern und Gemmologen arbeitet unerm\u00fcdlich daran, sicherzustellen, dass jedes St\u00fcck, das unser Atelier verl\u00e4sst, ein Meisterwerk ist, das die Leidenschaft und Hingabe widerspiegelt, die Diamonds Forever ausmachen.<\/p>\n<p>Vielen Dank, dass Sie sich f\u00fcr Diamonds Forever als Teil Ihrer Reise entschieden haben. Feiern Sie mit uns die au\u00dfergew\u00f6hnlichen Momente, die Ihr Leben pr\u00e4gen. Es ist unsere Aufgabe, Ihnen und Ihren Lieben vollkommene Zufriedenheit als auch, dass Sie garantiert immer ein strahlendes L\u00e4cheln haben werden, wenn Sie im Besitz eines unserer Schmuckst\u00fcck sind.<\/p>\n<p><strong>F\u00fcr immer Eure,<\/strong><\/p>\n<p><strong>Maia Waldmann<\/strong><\/p>\n<p><strong>Gr\u00fcnder und Designer, Diamonds Forever<\/strong><\/p>\n","protected":false},"excerpt":{"rendered":"<p>Meine Liebe zu Diamanten Willkommen bei Diamonds Forever, wo zeitlose Eleganz auf unvergleichliche Handwerkskunst trifft. Bei Diamonds Forever glauben wir<\/p>\n","protected":false},"author":1,"featured_media":0,"parent":0,"menu_order":0,"comment_status":"closed","ping_status":"closed","template":"","meta":{"footnotes":""},"class_list":["post-9866","page","type-page","status-publish","hentry"],"_links":{"self":[{"href":"https:\/\/diamondsforever.ch\/de\/wp-json\/wp\/v2\/pages\/9866","targetHints":{"allow":["GET"]}}],"collection":[{"href":"https:\/\/diamondsforever.ch\/de\/wp-json\/wp\/v2\/pages"}],"about":[{"href":"https:\/\/diamondsforever.ch\/de\/wp-json\/wp\/v2\/types\/page"}],"author":[{"embeddable":true,"href":"https:\/\/diamondsforever.ch\/de\/wp-json\/wp\/v2\/users\/1"}],"replies":[{"embeddable":true,"href":"https:\/\/diamondsforever.ch\/de\/wp-json\/wp\/v2\/comments?post=9866"}],"version-history":[{"count":2,"href":"https:\/\/diamondsforever.ch\/de\/wp-json\/wp\/v2\/pages\/9866\/revisions"}],"predecessor-version":[{"id":10412,"href":"https:\/\/diamondsforever.ch\/de\/wp-json\/wp\/v2\/pages\/9866\/revisions\/10412"}],"wp:attachment":[{"href":"https:\/\/diamondsforever.ch\/de\/wp-json\/wp\/v2\/media?parent=9866"}],"curies":[{"name":"wp","href":"https:\/\/api.w.org\/{rel}","templated":true}]}}