{"id":9871,"date":"2023-11-29T22:11:51","date_gmt":"2023-11-29T22:11:51","guid":{"rendered":"https:\/\/www.diamondsforever.ch\/privacy-policy\/"},"modified":"2023-12-19T01:26:16","modified_gmt":"2023-12-19T01:26:16","slug":"privacy-policy","status":"publish","type":"page","link":"https:\/\/diamondsforever.ch\/de\/privacy-policy\/","title":{"rendered":"Datenschutzrichtlinie"},"content":{"rendered":"<h2 style=\"text-align: center;\">Wer wir sind<\/h2>\n<p>Die Adresse unserer Website ist:\u00a0www.diamondsforever.ch<\/p>\n<p>Bei Fragen zu dieser Datenschutzerkl\u00e4rung, oder Anfragen zur L\u00f6schung Ihrer Personendaten, kontaktieren Sie:<\/p>\n<p><a href=\"mailto:info@diamondsforever.ch\">info@diamondsforever.ch<\/a><\/p>\n<h2 style=\"text-align: center;\">Server Logs<\/h2>\n<p>diamondsforever.ch erhebt und speichert automatisch in ihren Server Log Files Informationen, die Ihr Browser an uns \u00fcbermittelt. Dies sind:<\/p>\n<ul>\n<li>Browsertyp\/ -version<\/li>\n<li>verwendetes Betriebssystem<\/li>\n<li>Referrer URL (die zuvor besuchte Seite)<\/li>\n<li>Hostname des zugreifenden Rechners (IP Adresse)<\/li>\n<li>Uhrzeit der Serveranfrage.<\/li>\n<\/ul>\n<p>Diese Daten sind nicht bestimmten Personen zuordenbar. Eine Zusammenf\u00fchrung dieser Daten mit anderen Datenquellen wird nicht vorgenommen; die Daten werden im Falle eines Fehlers verwendet, um zu verstehen, wie es zum Fehler kam, um ihn zu beheben, sowie regelm\u00e4ssig kontrolliert, um systematische Attacken auf die Website zu erkennen.<\/p>\n<h2 style=\"text-align: center;\">Haftung f\u00fcr Links<\/h2>\n<p>Verweise und Links auf Webseiten Dritter liegen ausserhalb unseres Verantwortungsbereichs. Es wird jegliche Verantwortung f\u00fcr solche Webseiten abgelehnt. Der Zugriff und die Nutzung solcher Webseiten erfolgen auf eigene Gefahr des Nutzers oder der Nutzerin.<\/p>\n<h2 style=\"text-align: center;\">Eingebettete Inhalte von anderen Websites<\/h2>\n<p>Beitr\u00e4ge auf dieser Website k\u00f6nnen eingebettete Inhalte beinhalten (z.\u00a0B. Videos, Bilder, Beitr\u00e4ge etc.). Eingebettete Inhalte von anderen Websites verhalten sich exakt so, als ob der Besucher die andere Website besucht h\u00e4tte.<\/p>\n<p>Diese Websites k\u00f6nnen Daten \u00fcber dich sammeln, Cookies benutzen, zus\u00e4tzliche Tracking-Dienste von Dritten einbetten und deine Interaktion mit diesem eingebetteten Inhalt aufzeichnen, inklusive deiner Interaktion mit dem eingebetteten Inhalt, falls du ein Konto hast und auf dieser Website angemeldet bist.<\/p>\n<p>Wir betten unter anderem Inhalte ein von vimeo.com, instagram.com, activecampaign.com und google.com. Beachten Sie hierzu die Datenschutzerkl\u00e4runng der entsprechenden Website.<\/p>\n<p>Sind sie nicht mit denen einverstanden, nutzen Sie bitte ein Content-Blocker Add-On f\u00fcr Ihren Browser, um die Einbettung der entsprechenden Inhalte zu verhindern.<\/p>\n<h2 style=\"text-align: center;\">Kommentare<\/h2>\n<p>Wenn Besucher Kommentare auf der Website schreiben, sammeln wir die Daten, die im Kommentar-Formular angezeigt werden, au\u00dferdem die IP-Adresse des Besuchers und den User-Agent-String (damit wird der Browser identifiziert), um die Erkennung von Spam zu unterst\u00fctzen.<\/p>\n<p>Aus deiner E-Mail-Adresse kann eine anonymisierte Zeichenfolge erstellt (auch Hash genannt) und dem Gravatar-Dienst \u00fcbergeben werden, um zu pr\u00fcfen, ob du diesen benutzt. Die Datenschutzerkl\u00e4rung des Gravatar-Dienstes findest du hier: https:\/\/automattic.com\/privacy\/. Nachdem dein Kommentar freigegeben wurde, ist dein Profilbild \u00f6ffentlich im Kontext deines Kommentars sichtbar.<\/p>\n<h2 style=\"text-align: center;\">Medien<\/h2>\n<p>Wenn du ein registrierter Benutzer bist und Fotos auf diese Website l\u00e4dst, solltest du vermeiden, Fotos mit einem EXIF-GPS-Standort hochzuladen. Besucher dieser Website k\u00f6nnten Fotos, die auf dieser Website gespeichert sind, herunterladen und deren Standort-Informationen extrahieren.<\/p>\n<h2 style=\"text-align: center;\">Cookies<\/h2>\n<p>Wenn du einen Kommentar auf unserer Website schreibst, kann das eine Einwilligung sein, deinen Namen, E-Mail-Adresse und Website in Cookies zu speichern. Dies ist eine Komfortfunktion, damit du nicht, wenn du einen weiteren Kommentar schreibst, all diese Daten erneut eingeben musst. Diese Cookies werden ein Jahr lang gespeichert.<\/p>\n<p>Falls du ein Konto hast und dich auf dieser Website anmeldest, werden wir ein tempor\u00e4res Cookie setzen, um festzustellen, ob dein Browser Cookies akzeptiert. Dieses Cookie enth\u00e4lt keine personenbezogenen Daten und wird verworfen, wenn du deinen Browser schlie\u00dft.<\/p>\n<p>Wenn du dich anmeldest, werden wir einige Cookies einrichten, um deine Anmeldeinformationen und Anzeigeoptionen zu speichern. Anmelde-Cookies verfallen nach zwei Tagen und Cookies f\u00fcr die Anzeigeoptionen nach einem Jahr. Falls du bei der Anmeldung \u201eAngemeldet bleiben\u201c ausw\u00e4hlst, wird deine Anmeldung zwei Wochen lang aufrechterhalten. Mit der Abmeldung aus deinem Konto werden die Anmelde-Cookies gel\u00f6scht.<\/p>\n<p>Wenn du einen Artikel bearbeitest oder ver\u00f6ffentlichst, wird ein zus\u00e4tzlicher Cookie in deinem Browser gespeichert. Dieser Cookie enth\u00e4lt keine personenbezogenen Daten und verweist nur auf die Beitrags-ID des Artikels, den du gerade bearbeitet hast. Der Cookie verf\u00e4llt nach einem Tag.<\/p>\n<p>Um zu speichern, ob Du die Nutzung von Google Analytics erlaubst, wird ebenfalls ein Cookie verwendet.<\/p>\n<h2 style=\"text-align: center;\">Mit wem wir deine Daten teilen<\/h2>\n<p>Wenn du eine Zur\u00fccksetzung des Passworts beantragst, wird deine IP-Adresse in der E-Mail zur Zur\u00fccksetzung enthalten sein.<\/p>\n<p>Daten \u00fcber Ihre Eink\u00e4ufe werden nur f\u00fcr gesch\u00e4ftsnotwendige Zwecke den offensichtlichen Stellen mitgeteilt (Ihre Adresse beispielsweise wird f\u00fcr den Versand dem Versanddienstleister mitgeteilt, das Produkt das sSie gekauft haben ggf. den<\/p>\n<p>Weitere Daten werden mit\u00a0Google\u00a0geteilt, sowie mit\u00a0ActiveCampaign, siehe hierzu die entsprechenden Abschnitte in dieser Datenschutzerkl\u00e4rung.<\/p>\n<h2 style=\"text-align: center;\">Wie lange wir deine Daten speichern<\/h2>\n<p>Wenn du einen Kommentar schreibst, wird dieser inklusive Metadaten zeitlich unbegrenzt gespeichert. Auf diese Art k\u00f6nnen wir Folgekommentare automatisch erkennen und freigeben, anstatt sie in einer Moderations-Warteschlange festzuhalten.<\/p>\n<p>F\u00fcr Benutzer, die sich auf unserer Website registrieren, speichern wir zus\u00e4tzlich die pers\u00f6nlichen Informationen, die sie in ihren Benutzerprofilen angeben. Alle Benutzer k\u00f6nnen jederzeit ihre pers\u00f6nlichen Informationen einsehen, ver\u00e4ndern oder l\u00f6schen (der Benutzername kann nicht ver\u00e4ndert werden). Administratoren der Website k\u00f6nnen diese Informationen ebenfalls einsehen und ver\u00e4ndern.<\/p>\n<h2 style=\"text-align: center;\">Welche Rechte du an deinen Daten hast<\/h2>\n<p>Wenn du ein Konto auf dieser Website besitzt oder Kommentare geschrieben hast, kannst du einen Export deiner personenbezogenen Daten bei uns anfordern, inklusive aller Daten, die du uns mitgeteilt hast. Dar\u00fcber hinaus kannst du die L\u00f6schung aller personenbezogenen Daten, die wir von dir gespeichert haben, anfordern. Dies umfasst nicht die Daten, die wir aufgrund administrativer, rechtlicher oder sicherheitsrelevanter Notwendigkeiten aufbewahren m\u00fcssen.<\/p>\n<h2 style=\"text-align: center;\">Wohin wir deine Daten senden<\/h2>\n<p>Besucher-Kommentare k\u00f6nnten von einem automatisierten Dienst zur Spam-Erkennung untersucht werden.<\/p>\n<h2 style=\"text-align: center;\">Newsletter \u2013 ActiveCampaign<\/h2>\n<p>Mit den nachfolgenden Hinweisen kl\u00e4ren wir Sie \u00fcber die Inhalte unseres Newsletters sowie das Anmelde-, Versand- und das statistische Auswertungsverfahren sowie Ihre Widerspruchsrechte auf. Indem Sie unseren Newsletter abonnieren, erkl\u00e4ren Sie sich mit dem Empfang und den beschriebenen Verfahren einverstanden.<\/p>\n<p>Der Versand der Newsletter erfolgt mittels ActiveCampaign, ein Dienst f\u00fcr unser E-Mail-Marketing.<\/p>\n<p>ActiveCampaign verarbeitet Daten von Ihnen u.a. auch in den USA. Wir weisen darauf hin, dass nach Meinung des Europ\u00e4ischen Gerichtshofs derzeit kein angemessenes Schutzniveau f\u00fcr den Datentransfer in die USA besteht. Dies kann mit verschiedenen Risiken f\u00fcr die Rechtm\u00e4\u00dfigkeit und Sicherheit der Datenverarbeitung einhergehen.<\/p>\n<p>Durch Standardvertragsklauseln verpflichtet sich ActiveCampaign, bei der Verarbeitung Ihrer relevanten Daten das europ\u00e4ische Datenschutzniveau einzuhalten, selbst wenn die Daten in den USA gespeichert, verarbeitet und verwaltet werden. Diese Klauseln basieren auf einem Durchf\u00fchrungsbeschluss der EU-Kommission.<\/p>\n<p>Sie finden den Beschluss und die entsprechenden Standardvertragsklauseln u.a. hier:\u00a0<a href=\"https:\/\/eur-lex.europa.eu\/eli\/dec_impl\/2021\/914\/oj?locale=de\">https:\/\/eur-lex.europa.eu\/eli\/dec_impl\/2021\/914\/oj?locale=de<\/a><\/p>\n<p>Mehr Informationen zu den Standardvertragsklauseln bei ActiveCampaign und \u00fcber die Daten, die durch die Verwendung von ActiveCampaign verarbeitet werden, finden Sie unter\u00a0<a href=\"https:\/\/www.activecampaign.com\/legal\/gdpr-updates\/privacy-shield\">https:\/\/www.activecampaign.com\/legal\/gdpr-updates\/privacy-shield\u00a0<\/a>bzw. unter\u00a0<a href=\"https:\/\/www.activecampaign.com\/legal\/scc\">https:\/\/www.activecampaign.com\/legal\/scc<\/a><\/p>\n<p>Durch Anmeldung zu unserem Newsletter stimmst Du zu, dass Deine E-Mail Adresse, ggf. mit Namen, entsprechend von ActiveCampaign verwaltet werden darf. Du hast das Recht, jederzeit eine L\u00f6schung zu beantragen; verwende hierzu obige Kontakt-Daten.<\/p>\n<h2 style=\"text-align: center;\">Datenschutzerkl\u00e4rung f\u00fcr die Nutzung von Google Analytics<\/h2>\n<p>Diese Website benutzt Google Analytics, einen Webanalysedienst der Google Inc. (\u201eGoogle\u201c). Google Analytics verwendet sog. \u201eCookies\u201c, Textdateien, die auf Ihrem Computer gespeichert werden und die eine Analyse der Benutzung der Website durch Sie erm\u00f6glichen. Die durch das Cookie erzeugten Informationen \u00fcber Ihre Benutzung dieser Website werden in der Regel an einen Server von Google in den USA \u00fcbertragen und dort gespeichert. Im Falle der Aktivierung der IP-Anonymisierung auf dieser Webseite wird Ihre IP-Adresse von Google jedoch innerhalb von Mitgliedstaaten der Europ\u00e4ischen Union oder in anderen Vertragsstaaten des Abkommens \u00fcber den Europ\u00e4ischen Wirtschaftsraum zuvor gek\u00fcrzt.<\/p>\n<p>Nur in Ausnahmef\u00e4llen wird die volle IP-Adresse an einen Server von Google in den USA \u00fcbertragen und dort gek\u00fcrzt. Google wird diese Informationen benutzen, um Ihre Nutzung der Website auszuwerten, um Reports \u00fcber die Websiteaktivit\u00e4ten f\u00fcr die Websitebetreiber zusammenzustellen und um weitere mit der Websitenutzung und der Internetnutzung verbundene Dienstleistungen zu erbringen. Auch wird Google diese Informationen gegebenenfalls an Dritte \u00fcbertragen, sofern dies gesetzlich vorgeschrieben oder soweit Dritte diese Daten im Auftrag von Google verarbeiten. Die im Rahmen von Google Analytics von Ihrem Browser \u00fcbermittelte IP-Adresse wird nicht mit anderen Daten von Google zusammengef\u00fchrt.<\/p>\n<p>Sie k\u00f6nnen die Installation der Cookies durch eine entsprechende Einstellung Ihrer Browser Software verhindern; wir weisen Sie jedoch darauf hin, dass Sie in diesem Fall gegebenenfalls nicht s\u00e4mtliche Funktionen dieser Website voll umf\u00e4nglich nutzen k\u00f6nnen. Durch die Nutzung dieser Website erkl\u00e4ren Sie sich mit der Bearbeitung der \u00fcber Sie erhobenen Daten durch Google in der zuvor beschriebenen Art und Weise und zu dem zuvor benannten Zweck einverstanden.<\/p>\n<h2 style=\"text-align: center;\">Haftungsausschluss<\/h2>\n<p>Der Autor \u00fcbernimmt keinerlei Gew\u00e4hr hinsichtlich der inhaltlichen Richtigkeit, Genauigkeit, Aktualit\u00e4t, Zuverl\u00e4ssigkeit und Vollst\u00e4ndigkeit der Informationen.<\/p>\n<p>Haftungsanspr\u00fcche gegen den Autor wegen Sch\u00e4den materieller oder immaterieller Art, welche aus dem Zugriff oder der Nutzung bzw. Nichtnutzung der ver\u00f6ffentlichten Informationen, durch Missbrauch der Verbindung oder durch technische St\u00f6rungen entstanden sind, werden ausgeschlossen.<\/p>\n<p>Alle Angebote sind unverbindlich. Der Autor beh\u00e4lt es sich ausdr\u00fccklich vor, Teile der Seiten oder das gesamte Angebot ohne gesonderte Ank\u00fcndigung zu ver\u00e4ndern, zu erg\u00e4nzen, zu l\u00f6schen oder die Ver\u00f6ffentlichung zeitweise oder endg\u00fcltig einzustellen.<\/p>\n","protected":false},"excerpt":{"rendered":"<p>Wer wir sind Die Adresse unserer Website ist:\u00a0www.diamondsforever.ch Bei Fragen zu dieser Datenschutzerkl\u00e4rung, oder Anfragen zur L\u00f6schung Ihrer Personendaten, kontaktieren<\/p>\n","protected":false},"author":1,"featured_media":0,"parent":0,"menu_order":0,"comment_status":"closed","ping_status":"closed","template":"","meta":{"footnotes":""},"class_list":["post-9871","page","type-page","status-publish","hentry"],"_links":{"self":[{"href":"https:\/\/diamondsforever.ch\/de\/wp-json\/wp\/v2\/pages\/9871","targetHints":{"allow":["GET"]}}],"collection":[{"href":"https:\/\/diamondsforever.ch\/de\/wp-json\/wp\/v2\/pages"}],"about":[{"href":"https:\/\/diamondsforever.ch\/de\/wp-json\/wp\/v2\/types\/page"}],"author":[{"embeddable":true,"href":"https:\/\/diamondsforever.ch\/de\/wp-json\/wp\/v2\/users\/1"}],"replies":[{"embeddable":true,"href":"https:\/\/diamondsforever.ch\/de\/wp-json\/wp\/v2\/comments?post=9871"}],"version-history":[{"count":6,"href":"https:\/\/diamondsforever.ch\/de\/wp-json\/wp\/v2\/pages\/9871\/revisions"}],"predecessor-version":[{"id":10091,"href":"https:\/\/diamondsforever.ch\/de\/wp-json\/wp\/v2\/pages\/9871\/revisions\/10091"}],"wp:attachment":[{"href":"https:\/\/diamondsforever.ch\/de\/wp-json\/wp\/v2\/media?parent=9871"}],"curies":[{"name":"wp","href":"https:\/\/api.w.org\/{rel}","templated":true}]}}