{"id":9942,"date":"2023-12-18T00:14:42","date_gmt":"2023-12-18T00:14:42","guid":{"rendered":"https:\/\/www.diamondsforever.ch\/?page_id=9942"},"modified":"2023-12-25T22:35:47","modified_gmt":"2023-12-25T22:35:47","slug":"farbe-und-bewertung-von-labordiamanten","status":"publish","type":"page","link":"https:\/\/diamondsforever.ch\/de\/farbe-und-bewertung-von-labordiamanten\/","title":{"rendered":"Farbe und Bewertung von Labordiamanten"},"content":{"rendered":"<div class=\"wpb-content-wrapper\"><p>[vc_row][vc_column][vc_column_text woodmart_inline=&#8220;no&#8220; text_larger=&#8220;no&#8220;]Das Verst\u00e4ndnis the 4Cs\u00a0&#8211;\u00a0Cut,\u00a0Color,\u00a0Clarity\u00a0und\u00a0Carat\u00a0&#8211; hilft Ihnen nicht nur dabei, den f\u00fcr Sie richtigen Diamanten zu finden, sondern gibt Ihnen auch Sicherheit hinsichtlich seines Wertes.<\/p>\n<p>Labordiamanten weisen totale \u00c4hnlichkeiten mit nat\u00fcrlichen Edelsteinen auf. Die erste Gemeinsamkeit ist die Art und Weise, wie sie unter extremen Bedingungen gez\u00fcchtet werden. Nat\u00fcrliche Diamanten halten der Erdkruste stand, w\u00e4hrend Labordiamanten in Hochdruck-\/Hochtemperatur-Labors geformt werden.<\/p>\n<p>Sie haben auch viele Eigenschaften gemeinsam &#8211; optische, physikalische und chemische Zusammensetzung, was es schwierig macht, die beiden zu unterscheiden.<\/p>\n<p>Wir verwenden die genau\u00a0 gleichen \u00a0vier Cs \u2013 auf Deutsch, \u00a0Farbe, Schliff, Reinheit und Karat &#8211; um die Qualit\u00e4t eines Diamanten zu beurteilen. Konzentrieren wir uns zun\u00e4chst auf die Farbe des Diamanten.<\/p>\n<h3>Der Farbgrad von Labordiamanten und die GIA\/IGI-Skala zum Verst\u00e4ndnis<\/h3>\n<p>Sowohl nat\u00fcrliche als auch im Labor gez\u00fcchtete Diamanten gibt es in vielen Formen, Gr\u00f6\u00dfen und Farben. Traditionelle wei\u00dfe Diamanten (die eigentlich klar sind) sind besonders beliebt und werden auch nach ihrer Farbe eingestuft, in der Regel auf einer Skala von D bis Z. Sie finden diese funkelnden Edelsteine in Halsketten, Ohrringen und Ringen (insbesondere Verlobungsringen).<\/p>\n<p>Das Internationale Gemmologische Institut (IGI) wurde 1975 gegr\u00fcndet und hat heute Niederlassungen in der ganzen Welt. IGI pr\u00fcft unabh\u00e4ngig Labordiamanten und bewertet sie nach einer Reihe von Faktoren wie Schliff, Reinheit, Farbe und Karat.<\/p>\n<p>GIA als auch IGI zertifiziert Diamanten anhand einer Farbskala. Je weniger Farbe ein Diamant hat, desto besser wird er eingestuft. Weniger Farbe bedeutet im Allgemeinen mehr Glanz! Die Farbskala reicht von D (farblos) bis Z (ein auffallend gelber oder brauner Farbton). Schauen wir uns die vom Labor erstellte Farbkarte f\u00fcr Diamanten an und erfahren Sie mehr \u00fcber die Farbklassen:<\/p>\n<h3>Farbgrade von D bis Z:<\/h3>\n<h3>Grad D<\/h3>\n<p>Der h\u00f6chste verf\u00fcgbare Farbgrad. Ein farbiger Labordiamant der Stufe D ist vollkommen farblos. Der Diamant zeigt keine Anzeichen von Farbe, selbst wenn er mit einer Vergr\u00f6\u00dferung untersucht wird.<\/p>\n<h3>Grad E &amp; F<\/h3>\n<p>Fast so perfekt wie Diamanten der G\u00fcteklasse D, sehen Diamanten der G\u00fcteklassen E und F mit blo\u00dfem Auge farblos aus. Gemmologen sind vielleicht in der Lage, den Unterschied zwischen D, E und F zu erkennen, aber der durchschnittliche Schmuckk\u00e4ufer wird dazu nicht in der Lage sein!<\/p>\n<h3>Grad G bis J<\/h3>\n<p>Mit blo\u00dfem Auge sehen diese Diamanten relativ farblos aus (sie unterscheiden sich nicht so sehr von Diamanten der Grade E und F), aber sie sind nicht von der gleichen hohen Qualit\u00e4t wie die Grade F, E und D. F\u00fcr einen Labordiamanten der G\u00fcteklasse G zahlen Sie wesentlich weniger, und dasselbe gilt f\u00fcr einen Diamanten der G\u00fcteklassen H, I und J.<\/p>\n<p>Diamonds Forever verkaufen keine Diamanten unter G<\/p>\n<h3>Grad K bis M<\/h3>\n<p>Diamanten der Grade K bis M haben eine schwache F\u00e4rbung &#8211; wenn Sie genau hinschauen, sehen Sie einen blassgelben Farbton. Diese Diamanten sind zwar immer noch sch\u00f6n und haben einen warmen Farbton, gelten aber als nicht so hochwertig. Aus diesem Grund f\u00fchren wir bei With Clarity nur farbige Labordiamanten der G\u00fcteklasse D-L, denn wir m\u00f6chten, dass Ihre St\u00fccke gl\u00e4nzen und so lange wie m\u00f6glich halten.[\/vc_column_text][vc_single_image image=&#8220;10389&#8243; img_size=&#8220;full&#8220; alignment=&#8220;center&#8220; parallax_scroll=&#8220;no&#8220; woodmart_inline=&#8220;no&#8220;][vc_column_text woodmart_inline=&#8220;no&#8220; text_larger=&#8220;no&#8220;]<\/p>\n<h3>Grad N bis R<\/h3>\n<p>Diese minderwertigen Diamanten haben eine sehr leichte T\u00f6nung. Untersuchen Sie einen Diamanten mit den Graden N bis R, und Sie werden wahrscheinlich einen gelben oder braunen Farbton feststellen. Auch f\u00fcr diese Edelsteine k\u00f6nnen Sie einen niedrigeren Preis erwarten.<\/p>\n<h3>Grad S bis Z<\/h3>\n<p>Die Diamanten der niedrigsten Stufe (S bis Z) haben eine leichte T\u00f6nung, d. h. es ist ein brauner oder gelber Farbton zu erkennen. Diese Diamanten sind viel billiger zu erwerben.[\/vc_column_text][vc_single_image image=&#8220;10392&#8243; img_size=&#8220;full&#8220; alignment=&#8220;center&#8220; parallax_scroll=&#8220;no&#8220; woodmart_inline=&#8220;no&#8220;][vc_column_text woodmart_inline=&#8220;no&#8220; text_larger=&#8220;no&#8220;]<\/p>\n<h3>Beeinflusst die Fluoreszenz die Farbe eines Diamanten?<\/h3>\n<p>Wenn Sie Ihren Diamanten unter UV-Licht (ultraviolettes Licht), Schwarzlicht oder direktes Sonnenlicht legen, k\u00f6nnen Sie ein Gl\u00fchen feststellen. Fluoreszenz kann dazu f\u00fchren, dass der Diamant ein leicht tr\u00fcbes Aussehen annimmt. Wir verkaufen keine Diamanten mit Fluroeszenz.<\/p>\n<h3>Wirkt sich der Farbgrad auf den Preis aus?<\/h3>\n<p>Es gibt eine Reihe von Faktoren, die den Preis eines Diamanten beeinflussen &#8211; die Farbe ist einer von ihnen. Der Farbvergleich im Labor hilft Ihnen, die zertifizierte Farbeinstufung zu verstehen. Auch die Form und Gr\u00f6\u00dfe des Edelsteins spielen eine Rolle, ebenso wie die Reinheit und das Gewicht.<\/p>\n<p>Wie bereits erw\u00e4hnt, gilt: Je h\u00f6her der Grad, desto mehr m\u00fcssen Sie f\u00fcr den Diamanten bezahlen. Die G\u00fcteklasse D ist die beste, die Sie kaufen k\u00f6nnen, aber auch E und F sind erstklassig. Wenn Sie sich f\u00fcr die Grade G bis J entscheiden, k\u00f6nnen Sie immer noch einen atemberaubenden Diamanten bekommen, aber er wird weniger kosten. Versuchen Sie, jeden Diamanten f\u00fcr sich zu betrachten. Ein Diamant der G\u00fcteklasse G bis J k\u00f6nnte das gute Aussehen und das Funkeln haben, das Sie suchen &#8211; versuchen Sie also nicht, einen gelben Farbton zu erkennen &#8211; ohne Vergr\u00f6\u00dferung k\u00f6nnen Sie ihn vielleicht gar nicht sehen! Wenn Sie allerdings ein Perfektionist sind, sollten Sie vielleicht etwas mehr bezahlen und sich f\u00fcr einen h\u00f6heren Grad entscheiden.<\/p>\n<p>Wir verkaufen keine Diamanten unter Farbe G und die allermeisten Diamanten die wir haben sind exklusiv D\/E\/F<\/p>\n<h3>Was ist mit Akzentdiamanten Welche Farbe sollte ich w\u00e4hlen?<\/h3>\n<p>Was sind Akzentdiamanten? Akzentdiamanten sind kleiner als die zentralen Diamanten und werden in den Ring eingesetzt, um den Star der Show zu erg\u00e4nzen. Sie sollten Akzentdiamanten w\u00e4hlen, die in Form, Gr\u00f6\u00dfe und Farbe zu Ihrem Hauptstein passen. Akzentsteine m\u00fcssen in der Regel keinen hohen Farbgrad haben, In der Regel sollten Sie sich f\u00fcr Akzentdiamanten entscheiden, die eine bis drei Nuancen niedriger sind als Ihr Hauptdiamant. Ein seri\u00f6ser und erfahrener Juwelier wird die Akzentdiamanten, die perfekt zu Ihrem Hauptdiamanten passen, geschickt ausw\u00e4hlen.<\/p>\n<h3>Ausgefallene Farben von im Labor hergestellten Diamanten<\/h3>\n<p>Wenn Sie die Idee eines Diamanten mit einem Spritzer Farbe m\u00f6gen, werden Sie erfreut sein zu entdecken, dass es verschiedene Farbt\u00f6ne zur Auswahl gibt. Der Vergleich der Farben von im Labor hergestellten Diamanten erm\u00f6glicht es uns, die verschiedenen Schattierungen zu verstehen. Gelbe Labordiamanten gibt es in einer Reihe von Farbt\u00f6nen (von blassgelb bis lebhaft) und in verschiedenen Gr\u00f6\u00dfen und Formen. Die gelbe Farbe entsteht durch Stickstoff (dies kann in einer Laborumgebung kontrolliert werden, um den gew\u00fcnschten Gelbton zu bestimmen). Labordiamanten k\u00f6nnen auch orangefarben sein (durch die im Wachstumsprozess verwendeten L\u00f6sungsmittel) oder einen Blauton aufweisen (von blass bis intensiv), der durch die Einwirkung von Bor entsteht. Rosa ist eine weitere beliebte Farbwahl (auch hier k\u00f6nnen Sie sich f\u00fcr ein blasses bis tiefes Rosa entscheiden). Rosa Diamanten erhalten ihre Farbe nicht w\u00e4hrend des Z\u00fcchtungsprozesses, sondern das Rosa wird durch Bestrahlung und Gl\u00fchen (ein Prozess, der stattfindet, sobald die Diamanten geformt sind) eingef\u00fcgt.[\/vc_column_text][vc_single_image image=&#8220;10396&#8243; img_size=&#8220;full&#8220; alignment=&#8220;center&#8220; parallax_scroll=&#8220;no&#8220; woodmart_inline=&#8220;no&#8220;][vc_column_text woodmart_inline=&#8220;no&#8220; text_larger=&#8220;no&#8220;]<\/p>\n<h3>Spielt der Farbgrad von im Labor gez\u00fcchteten Diamanten eine Rolle?<\/h3>\n<p>Wenn Sie einen gr\u00f6\u00dferen Diamanten oder ein gr\u00f6\u00dferes Karatgewicht suchen, sollten Sie bei der Farbqualit\u00e4t keine Kompromisse eingehen. Die beiden wichtigsten Faktoren bei der Auswahl eines Diamanten sind der Schliff und die Farbe. Diese beiden Aspekte eines Rings beeinflussen das Aussehen und die Sch\u00f6nheit eines Rings st\u00e4rker als seine Reinheit und sein Karat. Wenn Sie einen Labordiamanten mit einem Gewicht von mehr als 1 Karat kaufen m\u00f6chten, wird ein Farbgrad von G oder H das Erscheinungsbild von Gelb minimieren. Wenn Sie sich bez\u00fcglich des Karatgewichts unsicher sind, w\u00e4hlen Sie am besten einen Labordiamanten mit einem Farbgrad zwischen D und G. Diamonds Forever verkaufen keine Diamanten unter Farbgrad G.<\/p>\n<h3>Was ist mit der Farbe der Fassung?<\/h3>\n<p>Machen Sie sich keine Sorgen, wenn Ihr Labordiamant nicht den Farbgrad D (farblos) hat. Sobald ein Stein in einen Ring gefasst ist, ist die Farbe des Diamanten nur noch schwer zu erkennen. Allerdings kann die Farbe eines Diamanten durch die Farbe der Fassung hervorgehoben werden. Bei Fassungen aus Wei\u00dfmetall sind Gelbt\u00f6ne deutlicher zu erkennen, w\u00e4hrend sie bei Gelbgold weniger auff\u00e4llig sind. Ros\u00e9gold hat einen \u00e4hnlichen Effekt wie Gelbgold, allerdings in geringerem Ma\u00dfe. Welches Metall Sie f\u00fcr Ihren Ring w\u00e4hlen, h\u00e4ngt auch von Ihrem Alltag und\/oder dem Ihres Partners ab. Nicht alle Metalle sind gleich. Je nach Ihren pers\u00f6nlichen Vorlieben kann das von Ihnen gew\u00e4hlte Metall in Bezug auf Haltbarkeit, Glanz, Gewicht und Kosten variieren.\u00a0 Diamonds Forever verkaufen nur 18 Karat Gold oder 950 Platinschmuck.[\/vc_column_text][vc_single_image image=&#8220;10399&#8243; img_size=&#8220;full&#8220; alignment=&#8220;center&#8220; parallax_scroll=&#8220;no&#8220; woodmart_inline=&#8220;no&#8220;][\/vc_column][\/vc_row]<\/p>\n<\/div>","protected":false},"excerpt":{"rendered":"<p>[vc_row][vc_column][vc_column_text woodmart_inline=&#8220;no&#8220; text_larger=&#8220;no&#8220;]Das Verst\u00e4ndnis the 4Cs\u00a0&#8211;\u00a0Cut,\u00a0Color,\u00a0Clarity\u00a0und\u00a0Carat\u00a0&#8211; hilft Ihnen nicht nur dabei, den f\u00fcr Sie richtigen Diamanten zu finden, sondern gibt<\/p>\n","protected":false},"author":1,"featured_media":0,"parent":0,"menu_order":0,"comment_status":"closed","ping_status":"closed","template":"","meta":{"footnotes":""},"class_list":["post-9942","page","type-page","status-publish","hentry"],"_links":{"self":[{"href":"https:\/\/diamondsforever.ch\/de\/wp-json\/wp\/v2\/pages\/9942","targetHints":{"allow":["GET"]}}],"collection":[{"href":"https:\/\/diamondsforever.ch\/de\/wp-json\/wp\/v2\/pages"}],"about":[{"href":"https:\/\/diamondsforever.ch\/de\/wp-json\/wp\/v2\/types\/page"}],"author":[{"embeddable":true,"href":"https:\/\/diamondsforever.ch\/de\/wp-json\/wp\/v2\/users\/1"}],"replies":[{"embeddable":true,"href":"https:\/\/diamondsforever.ch\/de\/wp-json\/wp\/v2\/comments?post=9942"}],"version-history":[{"count":6,"href":"https:\/\/diamondsforever.ch\/de\/wp-json\/wp\/v2\/pages\/9942\/revisions"}],"predecessor-version":[{"id":10417,"href":"https:\/\/diamondsforever.ch\/de\/wp-json\/wp\/v2\/pages\/9942\/revisions\/10417"}],"wp:attachment":[{"href":"https:\/\/diamondsforever.ch\/de\/wp-json\/wp\/v2\/media?parent=9942"}],"curies":[{"name":"wp","href":"https:\/\/api.w.org\/{rel}","templated":true}]}}