{"id":9960,"date":"2023-12-18T00:29:11","date_gmt":"2023-12-18T00:29:11","guid":{"rendered":"https:\/\/www.diamondsforever.ch\/?page_id=9960"},"modified":"2023-12-19T13:52:52","modified_gmt":"2023-12-19T13:52:52","slug":"konfliktfreie-diamanten","status":"publish","type":"page","link":"https:\/\/diamondsforever.ch\/de\/education\/konfliktfreie-diamanten\/","title":{"rendered":"Konfliktfreie Diamanten"},"content":{"rendered":"<div class=\"wpb-content-wrapper\"><p>[vc_row content_placement=&#8220;middle&#8220; woodmart_css_id=&#8220;65813d29cb406&#8243; responsive_spacing=&#8220;eyJwYXJhbV90eXBlIjoid29vZG1hcnRfcmVzcG9uc2l2ZV9zcGFjaW5nIiwic2VsZWN0b3JfaWQiOiI2NTgxM2QyOWNiNDA2Iiwic2hvcnRjb2RlIjoidmNfcm93IiwiZGF0YSI6eyJ0YWJsZXQiOnt9LCJtb2JpbGUiOnt9fX0=&#8220; mobile_bg_img_hidden=&#8220;no&#8220; tablet_bg_img_hidden=&#8220;no&#8220; woodmart_parallax=&#8220;0&#8243; woodmart_gradient_switch=&#8220;no&#8220; woodmart_box_shadow=&#8220;no&#8220; wd_z_index=&#8220;no&#8220; woodmart_disable_overflow=&#8220;0&#8243; row_reverse_mobile=&#8220;0&#8243; row_reverse_tablet=&#8220;0&#8243;][vc_column width=&#8220;3\/5&#8243;][vc_column_text woodmart_inline=&#8220;no&#8220; text_larger=&#8220;no&#8220;]<\/p>\n<h2 class=\"sub-hd mb-3 edu-green\" data-gp-tth-0=\"2584fbafdfe0f812c4f630d96373ad04\">Was sind Konfliktdiamanten?<\/h2>\n<p data-gp-tth-2=\"91bc4d4bbf2e4fd6e3d404513621fc34\" data-gp-tth-0=\"a4e349032c29750c7b54d59400280eae\">Um konfliktfreie Diamanten zu verstehen, m\u00fcssen wir uns zun\u00e4chst ansehen, was Konfliktdiamanten sind. Die Diamantenindustrie ist sehr umstritten. In L\u00e4ndern mit heftigen B\u00fcrgerkriegen werden Diamanten h\u00e4ufig aus Minen abgebaut, was zu Zerst\u00f6rung und Korruption f\u00fchrt. Diese Minen werden h\u00e4ufig von Rebellengruppen kontrolliert, die die Gewinne aus ihren Diamantenverk\u00e4ufen zur Finanzierung von Gewalt gegen Regierungen und Zivilisten verwenden. Die Diamanten, die aus solchen Minen stammen, werden Konfliktdiamanten oder Blutdiamanten genannt. In Sierra Leone beispielsweise nutzten Rebellentruppen Diamanten, um Waffen zu kaufen und Soldaten zu bezahlen. In den 1990er Jahren finanzierte der Diamantenhandel einen B\u00fcrgerkrieg, der 50.000 Menschen das Leben kostete und Hunderttausende obdachlos machte. Diese Art von Verrat h\u00e4lt bis heute an. Erschwerend kommt hinzu, dass Diamanten auch in L\u00e4ndern mit schlechten Arbeitsbedingungen und niedrigen L\u00f6hnen abgebaut werden. Laut einem Artikel von\u00a0Zeitmagazin\u201eHunderte von Bergleuten sterben jedes Jahr bei Tunneleinst\u00fcrzen, die selten gemeldet werden, weil sie so h\u00e4ufig passieren.\u201c<\/p>\n<p data-gp-tth-2=\"ebefc52aa15016cd2affbb78f50e8446\" data-gp-tth-0=\"11d7adc50b1c2a3a31f6db5fae322550\">Von der 90\u00a0\u20ac Milliarden Diamantenindustrie stammen 65 % dieser Diamanten aus Afrika. Laut einem UN-Bericht ver\u00f6ffentlicht von\u00a0Reuters\u00a0Vor einigen Jahren betrug das Gesamtgewicht der aus der Zentralafrikanischen Republik, einem stark vom Krieg zerr\u00fctteten Gebiet, geschmuggelten Konfliktdiamanten 140.000 Karat, was einem Einzelhandelswert von 25\u00a0\u20ac Millionen entspricht.<\/p>\n<p>[\/vc_column_text][\/vc_column][vc_column width=&#8220;2\/5&#8243;][vc_single_image image=&#8220;10278&#8243; img_size=&#8220;full&#8220; alignment=&#8220;center&#8220; parallax_scroll=&#8220;no&#8220; woodmart_inline=&#8220;no&#8220;][\/vc_column][\/vc_row][vc_row content_placement=&#8220;middle&#8220; woodmart_css_id=&#8220;65813d29cb406&#8243; responsive_spacing=&#8220;eyJwYXJhbV90eXBlIjoid29vZG1hcnRfcmVzcG9uc2l2ZV9zcGFjaW5nIiwic2VsZWN0b3JfaWQiOiI2NTgxM2QyOWNiNDA2Iiwic2hvcnRjb2RlIjoidmNfcm93IiwiZGF0YSI6eyJ0YWJsZXQiOnt9LCJtb2JpbGUiOnt9fX0=&#8220; mobile_bg_img_hidden=&#8220;no&#8220; tablet_bg_img_hidden=&#8220;no&#8220; woodmart_parallax=&#8220;0&#8243; woodmart_gradient_switch=&#8220;no&#8220; woodmart_box_shadow=&#8220;no&#8220; wd_z_index=&#8220;no&#8220; woodmart_disable_overflow=&#8220;0&#8243; row_reverse_mobile=&#8220;0&#8243; row_reverse_tablet=&#8220;0&#8243;][vc_column width=&#8220;2\/5&#8243;][vc_single_image image=&#8220;10240&#8243; img_size=&#8220;full&#8220; alignment=&#8220;center&#8220; parallax_scroll=&#8220;no&#8220; woodmart_inline=&#8220;no&#8220;][\/vc_column][vc_column width=&#8220;3\/5&#8243;][vc_column_text woodmart_inline=&#8220;no&#8220; text_larger=&#8220;no&#8220;]<\/p>\n<p data-gp-tth-0=\"f480dbdc5f32018f8ecd13d4a0872cab\">Obwohl viele Leute denken, dass Diamanten nur aus Afrika kommen, kommen sie aus der ganzen Welt \u2013 einschlie\u00dflich Russland, Kanada und Australien.<\/p>\n<p data-gp-tth-2=\"dd6c5ae28eaf33143e1d185d9eb2089f\" data-gp-tth-0=\"19efd1c11f72ba765effda7f6cf9c825\">Zum Pool an Konfliktdiamanten gesellt sich der weltweit gr\u00f6\u00dfte Produzent kleinerer Diamanten \u2013 Russland. Ein gro\u00dfer Teil der in den USA verkauften Verlobungsringe, Ohrringe, Anh\u00e4nger und anderen Schmuckst\u00fccke stammt aus russischen Minen im Nordosten. Der Verkauf russischer Diamanten wird zur Finanzierung der russischen Kriegsanstrengungen gegen die Ukraine genutzt, was dazu f\u00fchrt, dass diese Diamanten als \u201eKonfliktdiamanten\u201c bezeichnet werden. Ein aktueller Artikel aus der\u00a0<a class=\"underline\" title=\"NYTimes-Artikel\" data-gp-tah-title=\"dc5d74c73bc4b10390b3bcbdf5cc7a22\" data-gp-tth-0=\"3750ab729a626fe77a0f16ca5720706e\">New York Times<\/a>\u00a0erkl\u00e4rte: \u201eJetzt ergreifen die Vereinigten Staaten und andere L\u00e4nder Ma\u00dfnahmen, die russische Diamanten offiziell als \u201aKonfliktdiamanten\u2018 kennzeichnen k\u00f6nnten, und behaupten, ihr Verkauf trage dazu bei, Russlands t\u00f6dliche Aggression in der Ukraine zu finanzieren.\u201c \u201eDer Erl\u00f6s aus dieser Produktion kommt demselben Staat zugute, der einen vors\u00e4tzlichen, nicht provozierten und ungerechtfertigten Krieg f\u00fchrt\u201c, sagte George Cajati, ein Beamter des US-Au\u00dfenministeriums.\u201c<\/p>\n<p data-gp-tth-0=\"527bd30d791ac453b6bd20a0029473d3\">Werden diese Missst\u00e4nde beim Diamantenabbau ein Ende haben? Das kann ich Ihnen nicht garantieren. Hier kommen konfliktfreie Diamanten ins Spiel. Sie werden ohne Finanzierung von Gewalt oder Unterdr\u00fcckung abgebaut. Und das Beste daran ist, dass sie genauso sch\u00f6n sind wie jede andere Art von Diamant!<\/p>\n<p>[\/vc_column_text][\/vc_column][\/vc_row][vc_row content_placement=&#8220;middle&#8220; woodmart_css_id=&#8220;65813d29cb406&#8243; responsive_spacing=&#8220;eyJwYXJhbV90eXBlIjoid29vZG1hcnRfcmVzcG9uc2l2ZV9zcGFjaW5nIiwic2VsZWN0b3JfaWQiOiI2NTgxM2QyOWNiNDA2Iiwic2hvcnRjb2RlIjoidmNfcm93IiwiZGF0YSI6eyJ0YWJsZXQiOnt9LCJtb2JpbGUiOnt9fX0=&#8220; mobile_bg_img_hidden=&#8220;no&#8220; tablet_bg_img_hidden=&#8220;no&#8220; woodmart_parallax=&#8220;0&#8243; woodmart_gradient_switch=&#8220;no&#8220; woodmart_box_shadow=&#8220;no&#8220; wd_z_index=&#8220;no&#8220; woodmart_disable_overflow=&#8220;0&#8243; row_reverse_mobile=&#8220;0&#8243; row_reverse_tablet=&#8220;0&#8243;][vc_column width=&#8220;3\/5&#8243;][vc_column_text woodmart_inline=&#8220;no&#8220; text_larger=&#8220;no&#8220;]<\/p>\n<h2 class=\"sub-hd mb-3 edu-green\" data-gp-tth-0=\"915d2399b730992de864b4f256ce4edc\">Was sind konfliktfreie Diamanten?<\/h2>\n<p data-gp-tth-0=\"8a7bb4bda9f1a0b01ba98ed754b32b64\">Die Diamantenindustrie hat versucht, den Markt zu regulieren, indem sie versucht hat, Diamanten von der Mine bis zu den Einzelhandelsgesch\u00e4ften zu verfolgen. Dieser Prozess wird Kimberly-Prozess genannt. Der Kimberley-Prozess (KP) ist ein freiwilliges, internationales Zertifizierungssystem, das darauf abzielt, den Handel mit Konfliktdiamanten zu verhindern. Das KP verlangt von den teilnehmenden L\u00e4ndern, dass sie bescheinigen, dass die von ihnen exportierten Diamanten konfliktfrei sind, basierend auf der Herkunft der Diamanten und den Verfahren, mit denen sie gewonnen und gehandelt werden. Dies ist ein \u00e4u\u00dferst schwieriger, aber nicht unm\u00f6glicher Prozess. Allerdings gibt es keine Garantie daf\u00fcr, dass ein bestimmter Diamant in einem Juweliergesch\u00e4ft, das Tausende von Kilometern von seiner Quelle entfernt ist, zu 100 % konfliktfrei ist.<\/p>\n<p>[\/vc_column_text][\/vc_column][vc_column width=&#8220;2\/5&#8243;][vc_single_image image=&#8220;10280&#8243; img_size=&#8220;full&#8220; alignment=&#8220;center&#8220; parallax_scroll=&#8220;no&#8220; woodmart_inline=&#8220;no&#8220;][\/vc_column][\/vc_row][vc_row][vc_column][vc_column_text woodmart_inline=&#8220;no&#8220; text_larger=&#8220;no&#8220;]<\/p>\n<div class=\"edu-space-common\">\n<div class=\"align-items-center\">\n<h2 class=\"sub-hd mb-3 edu-green text-center\" style=\"text-align: center;\" data-gp-tth-0=\"849e1c84c259c8018c5c0113cc446dcd\">Gibt es 100 % konfliktfrei gef\u00f6rderte Diamanten?<\/h2>\n<p data-gp-tth-0=\"8edcd5de2f8600c0c02c8c362cc78e92\">Die meisten Diamantenabbauunternehmen behaupten, dass sie keine Konfliktdiamanten verwenden, aber es ist schwer zu sagen, ob sie alle die Wahrheit sagen oder ob sie sich \u00fcberhaupt sicher sein k\u00f6nnen. Es kann schwierig sein, die Herkunft eines Diamanten zu ermitteln, da viele Diamanten in verschiedenen L\u00e4ndern geschliffen und poliert werden und es daher unm\u00f6glich ist, ihre Herkunft zur\u00fcckzuverfolgen.<\/p>\n<p data-gp-tth-0=\"76a510e1337e5329336f52d9f4c91c6d\">Im selben Artikel der Times (oben zitiert) hei\u00dft es auch: \u201eIm Jahr 2003 hat die Diamantenindustrie den Kimberley-Prozess eingef\u00fchrt, ein internationales Zertifizierungssystem, das den Verbrauchern versichern soll, dass die von ihnen gekauften Diamanten konfliktfrei sind.\u201c Aber mehr als zehn Jahre sp\u00e4ter hat der Prozess zwar die Zahl der Konfliktdiamanten auf dem Markt reduziert, er ist jedoch immer noch mit Schlupfl\u00f6chern gespickt, die nicht verhindern k\u00f6nnen, dass viele Diamanten, die in Kriegsgebieten oder unter anderen schwerwiegenden Umst\u00e4nden abgebaut werden, auf internationalen M\u00e4rkten verkauft werden.\u201c<\/p>\n<p data-gp-tth-0=\"45350866aca25538b2f0f754134157b0\">Von den Hunderttausenden Rohdiamanten, die j\u00e4hrlich in afrikanischen L\u00e4ndern abgebaut werden, die dann zum Schneiden und Polieren in verschiedene L\u00e4nder verschifft und dann zur Bewertung weiter an Labore verschifft werden, hat ein einzelner Diamant fast 20 bis 30 Mal den Besitzer gewechselt Mal, bevor es ein Juweliergesch\u00e4ft erreicht. Bei so vielen Schritten ist es \u00e4u\u00dferst schwierig, sicher zu sein, dass ein Diamant zu 100 % konfliktfrei ist.<\/p>\n<p><img loading=\"lazy\" decoding=\"async\" class=\"wp-image-10247 size-full aligncenter\" src=\"https:\/\/www.diamondsforever.ch\/wp-content\/uploads\/2023\/12\/Conflict-free-mined-diamonds.webp\" alt=\"\" width=\"1390\" height=\"435\" srcset=\"https:\/\/diamondsforever.ch\/wp-content\/uploads\/2023\/12\/Conflict-free-mined-diamonds.webp 1390w, https:\/\/diamondsforever.ch\/wp-content\/uploads\/2023\/12\/Conflict-free-mined-diamonds-400x125.webp 400w, https:\/\/diamondsforever.ch\/wp-content\/uploads\/2023\/12\/Conflict-free-mined-diamonds-1300x407.webp 1300w, https:\/\/diamondsforever.ch\/wp-content\/uploads\/2023\/12\/Conflict-free-mined-diamonds-768x240.webp 768w, https:\/\/diamondsforever.ch\/wp-content\/uploads\/2023\/12\/Conflict-free-mined-diamonds-860x269.webp 860w, https:\/\/diamondsforever.ch\/wp-content\/uploads\/2023\/12\/Conflict-free-mined-diamonds-430x135.webp 430w, https:\/\/diamondsforever.ch\/wp-content\/uploads\/2023\/12\/Conflict-free-mined-diamonds-700x219.webp 700w, https:\/\/diamondsforever.ch\/wp-content\/uploads\/2023\/12\/Conflict-free-mined-diamonds-150x47.webp 150w\" sizes=\"auto, (max-width: 1390px) 100vw, 1390px\" \/><\/p>\n<\/div>\n<\/div>\n<p>[\/vc_column_text][\/vc_column][\/vc_row][vc_row content_placement=&#8220;middle&#8220; woodmart_css_id=&#8220;65813d29cb406&#8243; responsive_spacing=&#8220;eyJwYXJhbV90eXBlIjoid29vZG1hcnRfcmVzcG9uc2l2ZV9zcGFjaW5nIiwic2VsZWN0b3JfaWQiOiI2NTgxM2QyOWNiNDA2Iiwic2hvcnRjb2RlIjoidmNfcm93IiwiZGF0YSI6eyJ0YWJsZXQiOnt9LCJtb2JpbGUiOnt9fX0=&#8220; mobile_bg_img_hidden=&#8220;no&#8220; tablet_bg_img_hidden=&#8220;no&#8220; woodmart_parallax=&#8220;0&#8243; woodmart_gradient_switch=&#8220;no&#8220; woodmart_box_shadow=&#8220;no&#8220; wd_z_index=&#8220;no&#8220; woodmart_disable_overflow=&#8220;0&#8243; row_reverse_mobile=&#8220;0&#8243; row_reverse_tablet=&#8220;0&#8243;][vc_column width=&#8220;3\/5&#8243;][vc_column_text woodmart_inline=&#8220;no&#8220; text_larger=&#8220;no&#8220;]<\/p>\n<h2 class=\"sub-hd mb-3 edu-green\" data-gp-tth-0=\"775f4f36d509a7e47578b76434013a1b\">Welche M\u00f6glichkeiten habe ich, einen konfliktfreien Diamanten zu kaufen?<\/h2>\n<p data-gp-tth-0=\"feb0a9451a39e172677a550a6cb5038f\">Es gibt jedoch eine gute Nachricht: Im Labor gez\u00fcchtete Diamanten sind immer konfliktfrei! Da sie in einem Labor unter kontrollierten Bedingungen gez\u00fcchtet werden, k\u00f6nnen Sie sicher sein, dass sie niemals in Konflikte, Gewalt oder Krieg verwickelt werden. Es gibt viele Gr\u00fcnde, warum konfliktfreie (oder auch im Labor hergestellte) Diamanten eine bessere Option sind als andere Diamantenarten.<\/p>\n<p data-gp-tth-0=\"662b2137650d718a4f9f6076ced555c1\">Erstens sind im Labor gez\u00fcchtete Diamanten immer konfliktfrei. Auch wenn dies offensichtlich klingt, ist dies bei abgebauten Diamanten nicht der Fall. Es besteht die M\u00f6glichkeit, dass Ihr abgebauten Diamanten aus einem Konfliktgebiet stammt und Kriegsverbrechen, Menschenhandel oder sogar V\u00f6lkermord finanziert. Im Labor gez\u00fcchtete Diamanten hingegen werden in einem Labor mithilfe synthetischer Verfahren hergestellt, was bedeutet, dass sie keine negativen Folgen f\u00fcr die am Produktionsprozess Beteiligten haben.<\/p>\n<p data-gp-tth-0=\"2b749a96b870e973f6804323d99dedb8\">Zweitens sind im Labor gez\u00fcchtete Diamanten viel g\u00fcnstiger als abgebaute Diamanten. Dies liegt daran, dass f\u00fcr die Gewinnung aus dem Boden keine teure Bergbauausr\u00fcstung oder Arbeitskosten erforderlich sind \u2013 sie werden stattdessen in einem Labor hergestellt! Auch im Labor gez\u00fcchtete Diamanten weisen eine gleichbleibende Qualit\u00e4t auf, da sie unter strengen Bedingungen gez\u00fcchtet werden, die sicherstellen, dass jeder Diamant bei jeder Herstellung eine hohe Qualit\u00e4t aufweist (im Gegensatz zu gef\u00f6rderten Diamanten).<\/p>\n<p data-gp-tth-0=\"8c179ab8c2e316fc17309923096b368b\">Schlie\u00dflich verdienen Sie die Gewissheit, dass Ihr Schmuck aus verantwortungsvollen Quellen stammt und dazu beitr\u00e4gt, Menschen aus der Armut zu befreien. Im Labor gez\u00fcchtete Diamanten sind immer konfliktfrei, da sie \u00fcberhaupt nicht abgebaut werden \u2013 sie werden in einem Labor unter Verwendung von Plasmareaktoren unter pr\u00e4zisen Bedingungen gez\u00fcchtet! Wir glauben, dass es an der Zeit ist, dass jeder Zugang zu im Labor gez\u00fcchteten Diamanten als erschwingliche und ethische Alternative zu gef\u00f6rderten Diamanten erh\u00e4lt.<\/p>\n<p>[\/vc_column_text][\/vc_column][vc_column width=&#8220;2\/5&#8243;][vc_single_image image=&#8220;10251&#8243; img_size=&#8220;full&#8220; alignment=&#8220;center&#8220; parallax_scroll=&#8220;no&#8220; woodmart_inline=&#8220;no&#8220;][\/vc_column][\/vc_row][vc_row css=&#8220;.vc_custom_1702969901179{background-color: #ffffff !important;}&#8220; woodmart_css_id=&#8220;6581422705139&#8243; responsive_spacing=&#8220;eyJwYXJhbV90eXBlIjoid29vZG1hcnRfcmVzcG9uc2l2ZV9zcGFjaW5nIiwic2VsZWN0b3JfaWQiOiI2NTgxNDIyNzA1MTM5Iiwic2hvcnRjb2RlIjoidmNfcm93IiwiZGF0YSI6eyJ0YWJsZXQiOnt9LCJtb2JpbGUiOnt9fX0=&#8220; mobile_bg_img_hidden=&#8220;no&#8220; tablet_bg_img_hidden=&#8220;no&#8220; woodmart_parallax=&#8220;0&#8243; woodmart_gradient_switch=&#8220;no&#8220; woodmart_box_shadow=&#8220;no&#8220; wd_z_index=&#8220;no&#8220; woodmart_disable_overflow=&#8220;0&#8243; row_reverse_mobile=&#8220;0&#8243; row_reverse_tablet=&#8220;0&#8243;][vc_column][vc_tta_accordion][vc_tta_section title=&#8220;F: Was sind Konfliktdiamanten?&#8220; tab_id=&#8220;1702969675193-7bf38e9a-3e86&#8243;][vc_column_text woodmart_inline=&#8220;no&#8220; text_larger=&#8220;no&#8220;]In L\u00e4ndern mit heftigen B\u00fcrgerkriegen werden Diamanten h\u00e4ufig aus Minen abgebaut, was zu Zerst\u00f6rung und Korruption f\u00fchrt. Diese Minen werden h\u00e4ufig von Rebellengruppen kontrolliert, die die Gewinne aus ihren Diamantenverk\u00e4ufen zur Finanzierung von Gewalt gegen Regierungen und Zivilisten verwenden. Die Diamanten, die aus solchen Minen stammen, werden Konfliktdiamanten oder Blutdiamanten genannt.[\/vc_column_text][\/vc_tta_section][vc_tta_section title=&#8220;F: Was sind konfliktfreie Diamanten?&#8220; tab_id=&#8220;1702969675221-7e45c0ee-db9b&#8220;][vc_column_text woodmart_inline=&#8220;no&#8220; text_larger=&#8220;no&#8220;]Die Diamantenindustrie hat versucht, den Markt zu regulieren, indem sie versucht hat, Diamanten von der Mine bis zu den Einzelhandelsgesch\u00e4ften zu verfolgen. Dieser Prozess wird Kimberly-Prozess genannt. Der Kimberley-Prozess (KP) ist ein freiwilliges, internationales Zertifizierungssystem, das darauf abzielt, den Handel mit Konfliktdiamanten zu verhindern. Das KP verlangt von den teilnehmenden L\u00e4ndern, dass sie bescheinigen, dass die von ihnen exportierten Diamanten konfliktfrei sind, basierend auf der Herkunft der Diamanten und den Verfahren, mit denen sie gewonnen und gehandelt werden. Dies ist ein \u00e4u\u00dferst schwieriger, aber nicht unm\u00f6glicher Prozess.[\/vc_column_text][\/vc_tta_section][vc_tta_section title=&#8220;F: Sind im Labor gez\u00fcchtete Diamanten konfliktfrei?&#8220; tab_id=&#8220;1702969792470-5aee888d-0eb8&#8243;][vc_column_text woodmart_inline=&#8220;no&#8220; text_larger=&#8220;no&#8220;]Im Labor gez\u00fcchtete Diamanten sind immer konfliktfrei, da sie in einem Labor unter kontrollierten Bedingungen gez\u00fcchtet werden. Sie k\u00f6nnen sicher sein, dass sie niemals in Konflikte, Gewalt oder Krieg verwickelt sind.[\/vc_column_text][\/vc_tta_section][vc_tta_section title=&#8220;F: Welche Vor- und Nachteile hat der Kauf eines im Labor gez\u00fcchteten Diamanten?&#8220; tab_id=&#8220;1702969838875-8ac7db4a-231c&#8220;][vc_column_text woodmart_inline=&#8220;no&#8220; text_larger=&#8220;no&#8220;]<\/p>\n<p data-gp-tth-0=\"24f55abd3795029c7c8d51fa04ed8ced\">Der erste Vorteil von im Labor gez\u00fcchteten Diamanten besteht darin, dass nat\u00fcrliche Diamanten und im Labor hergestellte Diamanten kaum voneinander zu unterscheiden sind. Das unge\u00fcbte Auge kann nie erkennen, ob Sie einen k\u00fcnstlichen oder einen nat\u00fcrlichen Diamanten tragen.<\/p>\n<p data-gp-tth-0=\"6d5855a9e5207b6b0f438ebd86367815\">Zus\u00e4tzlich zu ihrem atemberaubenden Aussehen sind sie auch umweltfreundlich, da im Labor hergestellte Diamanten keine Landoberfl\u00e4chen besch\u00e4digen, frei von Konflikten sind und aus ethischen Gr\u00fcnden stammen. Bei der Produktion von im Labor gez\u00fcchteten Diamanten werden niemals Diamantensch\u00fcrfen gesch\u00e4digt oder ausgenutzt. Dadurch m\u00fcssen Sie sich nie Sorgen machen, dass Sie einen \u201eBlutdiamanten\u201c kaufen.<\/p>\n<p data-gp-tth-0=\"4184f06752b82d3229981b8a9304a85d\">Andererseits bezieht sich der Nachteil auf die Seltenheit. Wenn Sie auf der Suche nach einem nat\u00fcrlichen Edelstein sind, der aus der Erde stammt, ohne sich um die vorherigen Eigenschaften zu k\u00fcmmern, dann werden Sie wahrscheinlich keinen im Labor hergestellten Diamanten bevorzugen.<\/p>\n<p>[\/vc_column_text][\/vc_tta_section][\/vc_tta_accordion][\/vc_column][\/vc_row]<\/p>\n<\/div>","protected":false},"excerpt":{"rendered":"<p>[vc_row content_placement=&#8220;middle&#8220; woodmart_css_id=&#8220;65813d29cb406&#8243; responsive_spacing=&#8220;eyJwYXJhbV90eXBlIjoid29vZG1hcnRfcmVzcG9uc2l2ZV9zcGFjaW5nIiwic2VsZWN0b3JfaWQiOiI2NTgxM2QyOWNiNDA2Iiwic2hvcnRjb2RlIjoidmNfcm93IiwiZGF0YSI6eyJ0YWJsZXQiOnt9LCJtb2JpbGUiOnt9fX0=&#8220; mobile_bg_img_hidden=&#8220;no&#8220; tablet_bg_img_hidden=&#8220;no&#8220; woodmart_parallax=&#8220;0&#8243; woodmart_gradient_switch=&#8220;no&#8220; woodmart_box_shadow=&#8220;no&#8220; wd_z_index=&#8220;no&#8220; woodmart_disable_overflow=&#8220;0&#8243; row_reverse_mobile=&#8220;0&#8243; row_reverse_tablet=&#8220;0&#8243;][vc_column width=&#8220;3\/5&#8243;][vc_column_text woodmart_inline=&#8220;no&#8220; text_larger=&#8220;no&#8220;] Was sind Konfliktdiamanten? Um<\/p>\n","protected":false},"author":1,"featured_media":0,"parent":9858,"menu_order":0,"comment_status":"closed","ping_status":"closed","template":"","meta":{"footnotes":""},"class_list":["post-9960","page","type-page","status-publish","hentry"],"_links":{"self":[{"href":"https:\/\/diamondsforever.ch\/de\/wp-json\/wp\/v2\/pages\/9960","targetHints":{"allow":["GET"]}}],"collection":[{"href":"https:\/\/diamondsforever.ch\/de\/wp-json\/wp\/v2\/pages"}],"about":[{"href":"https:\/\/diamondsforever.ch\/de\/wp-json\/wp\/v2\/types\/page"}],"author":[{"embeddable":true,"href":"https:\/\/diamondsforever.ch\/de\/wp-json\/wp\/v2\/users\/1"}],"replies":[{"embeddable":true,"href":"https:\/\/diamondsforever.ch\/de\/wp-json\/wp\/v2\/comments?post=9960"}],"version-history":[{"count":7,"href":"https:\/\/diamondsforever.ch\/de\/wp-json\/wp\/v2\/pages\/9960\/revisions"}],"predecessor-version":[{"id":10286,"href":"https:\/\/diamondsforever.ch\/de\/wp-json\/wp\/v2\/pages\/9960\/revisions\/10286"}],"up":[{"embeddable":true,"href":"https:\/\/diamondsforever.ch\/de\/wp-json\/wp\/v2\/pages\/9858"}],"wp:attachment":[{"href":"https:\/\/diamondsforever.ch\/de\/wp-json\/wp\/v2\/media?parent=9960"}],"curies":[{"name":"wp","href":"https:\/\/api.w.org\/{rel}","templated":true}]}}