{"id":9964,"date":"2023-12-18T00:31:14","date_gmt":"2023-12-18T00:31:14","guid":{"rendered":"https:\/\/www.diamondsforever.ch\/?page_id=9964"},"modified":"2023-12-19T13:54:54","modified_gmt":"2023-12-19T13:54:54","slug":"wie-werden-im-labor-gezuechtete-diamanten-gezuechtet","status":"publish","type":"page","link":"https:\/\/diamondsforever.ch\/de\/education\/wie-werden-im-labor-gezuechtete-diamanten-gezuechtet\/","title":{"rendered":"Wie im Labor gez\u00fcchtete Diamanten hergestellt werden"},"content":{"rendered":"<div class=\"wpb-content-wrapper\"><p>[vc_row content_placement=&#8220;middle&#8220; woodmart_css_id=&#8220;65811f082b425&#8243; responsive_spacing=&#8220;eyJwYXJhbV90eXBlIjoid29vZG1hcnRfcmVzcG9uc2l2ZV9zcGFjaW5nIiwic2VsZWN0b3JfaWQiOiI2NTgxMWYwODJiNDI1Iiwic2hvcnRjb2RlIjoidmNfcm93IiwiZGF0YSI6eyJ0YWJsZXQiOnt9LCJtb2JpbGUiOnt9fX0=&#8220; mobile_bg_img_hidden=&#8220;no&#8220; tablet_bg_img_hidden=&#8220;no&#8220; woodmart_parallax=&#8220;0&#8243; woodmart_gradient_switch=&#8220;no&#8220; woodmart_box_shadow=&#8220;no&#8220; wd_z_index=&#8220;no&#8220; woodmart_disable_overflow=&#8220;0&#8243; row_reverse_mobile=&#8220;0&#8243; row_reverse_tablet=&#8220;0&#8243;][vc_column][vc_column_text woodmart_inline=&#8220;no&#8220; text_larger=&#8220;no&#8220;]<\/p>\n<h2 class=\"sub-hd mb-3 edu-green\" data-gp-tth-0=\"ee1050951427d72ac56e25718d97a5c6\">Wie werden im Labor hergestellte Diamanten hergestellt?<\/h2>\n<p data-gp-tth-0=\"b656fc0a8f067033b4afb94e51212386\">Im Labor gez\u00fcchtete Diamanten sind in jeder Hinsicht mit nat\u00fcrlichen Diamanten identisch, werden jedoch in einer kontrollierten Umgebung mit modernster Technologie und nicht in den Tiefen der Erde hergestellt. Und wenn Sie sich fragen: \u201eBestehen im Labor gez\u00fcchtete Diamanten einen Diamanttester?\u201c Das tun sie auf jeden Fall! Sie werden mit jeder Diamanttestmethode positiv getestet.<\/p>\n<p data-gp-tth-0=\"ed8601604617fec12178c24e61183e7d\">Zur Herstellung von im Labor gez\u00fcchteten Diamanten werden \u00fcblicherweise zwei Hauptverfahren verwendet: Hochdruck-Hochtemperatur (HPHT) und chemische Gasphasenabscheidung (CVD). Beide Methoden simulieren die nat\u00fcrlichen Prozesse der Erde, um in einer kontrollierten Laborumgebung wundersch\u00f6ne Diamanten herzustellen.<\/p>\n<p>[\/vc_column_text][\/vc_column][\/vc_row][vc_row][vc_column][vc_column_text woodmart_inline=&#8220;no&#8220; text_larger=&#8220;no&#8220;]<\/p>\n<h2 class=\"sub-hd mb-3 edu-green\" data-gp-tth-0=\"44539ca2c8d978287d8565897d02b058\">Hochdruck-Hochtemperatur-Methode (HPHT)<\/h2>\n<p data-gp-tth-0=\"bbf39261db5f372045d42b17614d15c0\">Das Hochdruck-Hochtemperatur-Diamantenproduktionsverfahren (HPHT) wurde erstmals in den 1950er Jahren f\u00fcr den industriellen Einsatz entwickelt. W\u00e4hrend es am h\u00e4ufigsten zur Herstellung von im Labor gez\u00fcchteten Diamanten verwendet wird, k\u00f6nnen abgebaute Diamanten auch mit dem HPHT-Verfahren behandelt werden, um ihre Gesamtreinheit und Farbe zu verbessern.<\/p>\n<p>[\/vc_column_text][\/vc_column][\/vc_row][vc_row content_placement=&#8220;middle&#8220; woodmart_css_id=&#8220;65811f082b425&#8243; responsive_spacing=&#8220;eyJwYXJhbV90eXBlIjoid29vZG1hcnRfcmVzcG9uc2l2ZV9zcGFjaW5nIiwic2VsZWN0b3JfaWQiOiI2NTgxMWYwODJiNDI1Iiwic2hvcnRjb2RlIjoidmNfcm93IiwiZGF0YSI6eyJ0YWJsZXQiOnt9LCJtb2JpbGUiOnt9fX0=&#8220; mobile_bg_img_hidden=&#8220;no&#8220; tablet_bg_img_hidden=&#8220;no&#8220; woodmart_parallax=&#8220;0&#8243; woodmart_gradient_switch=&#8220;no&#8220; woodmart_box_shadow=&#8220;no&#8220; wd_z_index=&#8220;no&#8220; woodmart_disable_overflow=&#8220;0&#8243; row_reverse_mobile=&#8220;0&#8243; row_reverse_tablet=&#8220;0&#8243;][vc_column width=&#8220;2\/3&#8243;][vc_column_text woodmart_inline=&#8220;no&#8220; text_larger=&#8220;no&#8220;]<\/p>\n<h2 class=\"sub-hd small-sub-hd mb-3 edu-green\" data-gp-tth-0=\"ebddea622757cbfe542541355ab48778\">Wie werden HPHT-Diamanten hergestellt?<\/h2>\n<p data-gp-tth-0=\"097c743d2de9120ee2bc1a734cbb0cfa\">Das Verfahren wurde so entwickelt, dass es den Temperaturen und Dr\u00fccken im Erdinneren sehr \u00e4hnlich ist, wo sich im Laufe von Milliarden von Jahren nat\u00fcrliche Diamantkristalle entwickeln. Im Gegensatz zu den rund 1\u20133 Milliarden Jahren, die f\u00fcr die Entstehung nat\u00fcrlicher Diamanten ben\u00f6tigt werden, stellt die HPHT-Technik diese Umgebung erfolgreich wieder her und erm\u00f6glicht die Entstehung eines Diamanten innerhalb weniger Wochen!<\/p>\n<p data-gp-tth-0=\"ebaf6fe62f1ee9db3e312b79c176be95\">HPHT-Diamanten werden mit drei grundlegenden Herstellungstechniken hergestellt: der Spaltbierpresse (BARS), der W\u00fcrfelpresse und der Bandpresse. Ein kleiner, in Kohlenstoff eingeschlossener Diamantkeim wird mehrere Tage lang in die Hochdruck- und Temperaturumgebung jedes Prozesses gegeben. W\u00e4hrend der Kohlenstoff schmilzt, bildet sich um den Samen herum ein Diamant, bis ein Diamant in voller Gr\u00f6\u00dfe entsteht.<\/p>\n<p>[\/vc_column_text][\/vc_column][vc_column width=&#8220;1\/3&#8243;][vc_single_image image=&#8220;10202&#8243; img_size=&#8220;full&#8220; parallax_scroll=&#8220;no&#8220; woodmart_inline=&#8220;no&#8220;][\/vc_column][\/vc_row][vc_row][vc_column][vc_column_text woodmart_inline=&#8220;no&#8220; text_larger=&#8220;no&#8220;]<\/p>\n<h2 class=\"sub-hd mb-3 edu-green\" data-gp-tth-0=\"464892d6c8694ccf6114221564e9eefa\">Chemische Gasphasenabscheidung (CVD)<\/h2>\n<p data-gp-tth-0=\"9c030fb868ad97d1db47b0ff799e8d66\">Bei diesem Verfahren wird mithilfe einer k\u00fcrzlich entwickelten Technologie namens chemische Gasphasenabscheidung (CVD) aus einem Kohlenwasserstoffgasgemisch ein Diamant erzeugt, der der Entstehung von Diamanten in interstellaren Gaswolken \u00e4hnelt. Das in den 1980er Jahren entwickelte CVD-Verfahren gilt allgemein als die kosteng\u00fcnstigere Methode zur Herstellung von Diamanten, da es weniger Energie verbraucht als HPHT.<\/p>\n<p>[\/vc_column_text][\/vc_column][\/vc_row][vc_row content_placement=&#8220;middle&#8220; woodmart_css_id=&#8220;65811f082b425&#8243; responsive_spacing=&#8220;eyJwYXJhbV90eXBlIjoid29vZG1hcnRfcmVzcG9uc2l2ZV9zcGFjaW5nIiwic2VsZWN0b3JfaWQiOiI2NTgxMWYwODJiNDI1Iiwic2hvcnRjb2RlIjoidmNfcm93IiwiZGF0YSI6eyJ0YWJsZXQiOnt9LCJtb2JpbGUiOnt9fX0=&#8220; mobile_bg_img_hidden=&#8220;no&#8220; tablet_bg_img_hidden=&#8220;no&#8220; woodmart_parallax=&#8220;0&#8243; woodmart_gradient_switch=&#8220;no&#8220; woodmart_box_shadow=&#8220;no&#8220; wd_z_index=&#8220;no&#8220; woodmart_disable_overflow=&#8220;0&#8243; row_reverse_mobile=&#8220;0&#8243; row_reverse_tablet=&#8220;0&#8243;][vc_column width=&#8220;1\/3&#8243;][vc_single_image image=&#8220;10206&#8243; img_size=&#8220;full&#8220; parallax_scroll=&#8220;no&#8220; woodmart_inline=&#8220;no&#8220;][\/vc_column][vc_column width=&#8220;2\/3&#8243;][vc_column_text woodmart_inline=&#8220;no&#8220; text_larger=&#8220;no&#8220;]<\/p>\n<h2 class=\"sub-hd small-sub-hd mb-3 edu-green\" data-gp-tth-0=\"eb30407804688640707547056b8b1da7\">Wie werden CVD-Diamanten hergestellt?<\/h2>\n<p data-gp-tth-0=\"5a21381b490f935c7910382860ffde53\">Eine kleine Scheibe Diamantsamen wird in einem verschlossenen Beh\u00e4lter auf eine Temperatur von rund 800 Grad Celsius erhitzt, bevor sie mit anderen kohlenstoffreichen Gasen wie Methan gef\u00fcllt wird.<\/p>\n<p data-gp-tth-0=\"24f6195baf12126e1da5418134b998b3\">Anschlie\u00dfend werden Mikrowellen, Laser und andere Ger\u00e4te verwendet, um die Gase zu ionisieren und Plasma zu erzeugen. Der Abbau der Gase durch Ionisierung erm\u00f6glicht es dem Kohlenstoff, mit dem Diamantkeim zu verschmelzen und den Diamanten Schicht f\u00fcr Schicht wachsen zu lassen.<\/p>\n<p>[\/vc_column_text][\/vc_column][\/vc_row][vc_row][vc_column][vc_single_image image=&#8220;10210&#8243; img_size=&#8220;full&#8220; alignment=&#8220;center&#8220; parallax_scroll=&#8220;no&#8220; woodmart_inline=&#8220;no&#8220;][\/vc_column][\/vc_row][vc_row css=&#8220;.vc_custom_1702961786860{background-color: #ffffff !important;}&#8220; woodmart_css_id=&#8220;65812274a1c87&#8243; responsive_spacing=&#8220;eyJwYXJhbV90eXBlIjoid29vZG1hcnRfcmVzcG9uc2l2ZV9zcGFjaW5nIiwic2VsZWN0b3JfaWQiOiI2NTgxMjI3NGExYzg3Iiwic2hvcnRjb2RlIjoidmNfcm93IiwiZGF0YSI6eyJ0YWJsZXQiOnt9LCJtb2JpbGUiOnt9fX0=&#8220; mobile_bg_img_hidden=&#8220;no&#8220; tablet_bg_img_hidden=&#8220;no&#8220; woodmart_parallax=&#8220;0&#8243; woodmart_gradient_switch=&#8220;no&#8220; woodmart_box_shadow=&#8220;no&#8220; wd_z_index=&#8220;no&#8220; woodmart_disable_overflow=&#8220;0&#8243; row_reverse_mobile=&#8220;0&#8243; row_reverse_tablet=&#8220;0&#8243;][vc_column][vc_tta_accordion][vc_tta_section title=&#8220;F: Wie stellen Unternehmen im Labor gez\u00fcchtete Diamanten her?&#8220; tab_id=&#8220;1702961438273-e99d2789-8075&#8243;][vc_column_text woodmart_inline=&#8220;no&#8220; text_larger=&#8220;no&#8220;]<\/p>\n<p data-gp-tth-0=\"72e98e9301c5de0b4a824a26213fc4b6\">Zwei Methoden k\u00f6nnen Diamanten in Schmuckqualit\u00e4t herstellen: HPHT und CVD.<\/p>\n<p data-gp-tth-1=\"1800368db99180307771de8a2491d122\"><strong class=\"\">HPHT<\/strong>\u00a0ist eine Abk\u00fcrzung f\u00fcr High Pressure\/High Temperature. Diese Methode ahmt die nat\u00fcrliche Entstehung von Diamanten nach, indem Kohlenstoff hohen Temperaturen ausgesetzt und zusammengepresst wird. Dieser teure Prozess erfordert eine erhebliche Menge Energie.<\/p>\n<p data-gp-tth-1=\"dca8e758ccc224adbd8d290ae11a0e9c\"><strong class=\"\">CVD<\/strong>\u00a0ist eine Abk\u00fcrzung f\u00fcr Chemical Vapour Deposition. Eine Impfkristallkammer ist mit einer Mischung aus Wasserstoff und Methangas gef\u00fcllt. Mikrowellenenergie erhitzt die Kammer h\u00e4ufig auf eine hohe Temperatur, wodurch das Gas angeregt wird. Der Diamant w\u00e4chst auf dem Impfkristall.<\/p>\n<p>[\/vc_column_text][\/vc_tta_section][vc_tta_section title=&#8220;F: Sind im Labor gez\u00fcchtete Diamanten gef\u00e4lscht?&#8220; tab_id=&#8220;1702961438311-ee46bf2e-220f&#8220;][vc_column_text woodmart_inline=&#8220;no&#8220; text_larger=&#8220;no&#8220;]Im Labor gez\u00fcchtete Diamanten \u00e4hneln gef\u00e4lschten Diamanten nicht einmal ann\u00e4hernd. Historisch gesehen bestanden falsche Diamanten meist aus Glas. Glas ist weitaus weniger haltbar und hat eine weitaus geringere Strahlkraft als ein gut geschliffener Diamant. Bei im Labor hergestellten Diamanten gibt es solche Probleme nicht. Sie sind so langlebig und strahlend wie Mineraldiamanten.[\/vc_column_text][\/vc_tta_section][vc_tta_section title=&#8220;F: Werden im Labor gez\u00fcchtete Diamanten als echte Diamanten getestet?&#8220; tab_id=&#8220;1702961698974-4790077c-ef2f&#8220;][vc_column_text woodmart_inline=&#8220;no&#8220; text_larger=&#8220;no&#8220;]Im Labor hergestellte Diamanten haben die gleiche thermische und elektrische Leitf\u00e4higkeit wie gef\u00f6rderte Diamanten. Daher bestehen sie auch die Pr\u00fcfung durch einen Diamanttester.[\/vc_column_text][\/vc_tta_section][\/vc_tta_accordion][\/vc_column][\/vc_row]<\/p>\n<\/div>","protected":false},"excerpt":{"rendered":"<p>[vc_row content_placement=&#8220;middle&#8220; woodmart_css_id=&#8220;65811f082b425&#8243; responsive_spacing=&#8220;eyJwYXJhbV90eXBlIjoid29vZG1hcnRfcmVzcG9uc2l2ZV9zcGFjaW5nIiwic2VsZWN0b3JfaWQiOiI2NTgxMWYwODJiNDI1Iiwic2hvcnRjb2RlIjoidmNfcm93IiwiZGF0YSI6eyJ0YWJsZXQiOnt9LCJtb2JpbGUiOnt9fX0=&#8220; mobile_bg_img_hidden=&#8220;no&#8220; tablet_bg_img_hidden=&#8220;no&#8220; woodmart_parallax=&#8220;0&#8243; woodmart_gradient_switch=&#8220;no&#8220; woodmart_box_shadow=&#8220;no&#8220; wd_z_index=&#8220;no&#8220; woodmart_disable_overflow=&#8220;0&#8243; row_reverse_mobile=&#8220;0&#8243; row_reverse_tablet=&#8220;0&#8243;][vc_column][vc_column_text woodmart_inline=&#8220;no&#8220; text_larger=&#8220;no&#8220;] Wie werden im Labor hergestellte<\/p>\n","protected":false},"author":1,"featured_media":0,"parent":9858,"menu_order":0,"comment_status":"closed","ping_status":"closed","template":"","meta":{"footnotes":""},"class_list":["post-9964","page","type-page","status-publish","hentry"],"_links":{"self":[{"href":"https:\/\/diamondsforever.ch\/de\/wp-json\/wp\/v2\/pages\/9964","targetHints":{"allow":["GET"]}}],"collection":[{"href":"https:\/\/diamondsforever.ch\/de\/wp-json\/wp\/v2\/pages"}],"about":[{"href":"https:\/\/diamondsforever.ch\/de\/wp-json\/wp\/v2\/types\/page"}],"author":[{"embeddable":true,"href":"https:\/\/diamondsforever.ch\/de\/wp-json\/wp\/v2\/users\/1"}],"replies":[{"embeddable":true,"href":"https:\/\/diamondsforever.ch\/de\/wp-json\/wp\/v2\/comments?post=9964"}],"version-history":[{"count":9,"href":"https:\/\/diamondsforever.ch\/de\/wp-json\/wp\/v2\/pages\/9964\/revisions"}],"predecessor-version":[{"id":10288,"href":"https:\/\/diamondsforever.ch\/de\/wp-json\/wp\/v2\/pages\/9964\/revisions\/10288"}],"up":[{"embeddable":true,"href":"https:\/\/diamondsforever.ch\/de\/wp-json\/wp\/v2\/pages\/9858"}],"wp:attachment":[{"href":"https:\/\/diamondsforever.ch\/de\/wp-json\/wp\/v2\/media?parent=9964"}],"curies":[{"name":"wp","href":"https:\/\/api.w.org\/{rel}","templated":true}]}}