{"id":9968,"date":"2023-12-18T00:34:03","date_gmt":"2023-12-18T00:34:03","guid":{"rendered":"https:\/\/www.diamondsforever.ch\/?page_id=9968"},"modified":"2023-12-27T19:52:28","modified_gmt":"2023-12-27T19:52:28","slug":"haeufig-gestellte-fragen-zu-im-labor-gezuechteten-diamanten","status":"publish","type":"page","link":"https:\/\/diamondsforever.ch\/de\/education\/haeufig-gestellte-fragen-zu-im-labor-gezuechteten-diamanten\/","title":{"rendered":"H\u00e4ufig gestellte Fragen zu im Labor gez\u00fcchteten Diamanten"},"content":{"rendered":"<div class=\"wpb-content-wrapper\"><p>[vc_row css=&#8220;.vc_custom_1702965546815{background-color: #ffffff !important;}&#8220; woodmart_css_id=&#8220;65813123d0334&#8243; responsive_spacing=&#8220;eyJwYXJhbV90eXBlIjoid29vZG1hcnRfcmVzcG9uc2l2ZV9zcGFjaW5nIiwic2VsZWN0b3JfaWQiOiI2NTgxMzEyM2QwMzM0Iiwic2hvcnRjb2RlIjoidmNfcm93IiwiZGF0YSI6eyJ0YWJsZXQiOnt9LCJtb2JpbGUiOnt9fX0=&#8220; mobile_bg_img_hidden=&#8220;no&#8220; tablet_bg_img_hidden=&#8220;no&#8220; woodmart_parallax=&#8220;0&#8243; woodmart_gradient_switch=&#8220;no&#8220; woodmart_box_shadow=&#8220;no&#8220; wd_z_index=&#8220;no&#8220; woodmart_disable_overflow=&#8220;0&#8243; row_reverse_mobile=&#8220;0&#8243; row_reverse_tablet=&#8220;0&#8243;][vc_column][vc_toggle title=&#8220;F: Wie lange sind im Labor gez\u00fcchtete Diamanten haltbar?&#8220; size=&#8220;lg&#8220; open=&#8220;true&#8220;]<\/p>\n<p data-gp-tth-0=\"5108a24e0588750d4ab4897c46d599bc\">Eine Eigenschaft von Diamanten, die jeder kennt, ist ihre unglaubliche Haltbarkeit. Tats\u00e4chlich ist der ber\u00fchmte Satz \u201eDiamanten sind f\u00fcr die Ewigkeit\u201c v\u00f6llig zutreffend.<\/p>\n<p data-gp-tth-0=\"2e1f25ca9cca700af96f02bcc29eb38a\">Die Antwort lautet also: Labordiamanten von guter Qualit\u00e4t halten ewig und es gibt nichts, was ihren Glanz tr\u00fcben oder ihre Brillanz beeintr\u00e4chtigen k\u00f6nnte. Aus diesem Grund ist es nahezu unm\u00f6glich, den Unterschied zwischen einem nat\u00fcrlichen Diamanten und einem im Labor gez\u00fcchteten Diamanten zu erkennen.<\/p>\n<p>[\/vc_toggle][vc_toggle title=&#8220;F: K\u00f6nnen Sie im Labor gez\u00fcchtete Diamanten versichern?&#8220; size=&#8220;lg&#8220;]Ja. Wie gef\u00f6rderte Diamanten sind auch im Labor gez\u00fcchtete Diamanten einfach zu bewerten und zu versichern.[\/vc_toggle][vc_toggle title=&#8220;F: Welche Vor- und Nachteile hat der Kauf eines im Labor gez\u00fcchteten Diamanten?&#8220; size=&#8220;lg&#8220;]Der erste Vorteil von im Labor gez\u00fcchteten Diamanten besteht darin, dass nat\u00fcrliche Diamanten und im Labor hergestellte Diamanten nicht voneinander zu unterscheiden sind.<\/p>\n<p>Das Auge kann nie erkennen, ob Sie einen k\u00fcnstlichen oder einen nat\u00fcrlichen Diamanten tragen. Zus\u00e4tzlich zu ihrem atemberaubenden Aussehen sind sie auch:<\/p>\n<p>Umweltfreundlich, da im Labor hergestellte Diamanten keine Landoberfl\u00e4chen besch\u00e4digen.<\/p>\n<p>Konfliktfrei und ethisch vertretbar. Bei der Produktion von im Labor gez\u00fcchteten Diamanten werden niemals Diamantensch\u00fcrfen gesch\u00e4digt oder ausgenutzt. Dadurch m\u00fcssen Sie sich nie Sorgen machen, dass Sie einen \u201eBlutdiamanten\u201c kaufen.[\/vc_toggle][vc_toggle title=&#8220;F: Wie sieht die Zukunft der im Labor gez\u00fcchteten Diamanten aus?&#8220; size=&#8220;lg&#8220;]Die Tatsache, dass sie erschwinglicher als Mineralien und ethischer sind, da sie keinen Extraktionsprozess erfordern und die Natur nicht beeintr\u00e4chtigen, zeigt, dass die Industrie und das Angebot dieser sch\u00f6nen und modernen Diamanten in Zukunft exponentiell wachsen werden.[\/vc_toggle][vc_toggle title=&#8220;F: Wie stellen Unternehmen k\u00fcnstliche Diamanten her, um sie zu verkaufen?&#8220; size=&#8220;lg&#8220;]<\/p>\n<p data-gp-tth-0=\"72e98e9301c5de0b4a824a26213fc4b6\">Zwei Methoden k\u00f6nnen Diamanten in Schmuckqualit\u00e4t herstellen: HPHT und CVD.<\/p>\n<p data-gp-tth-0=\"7d4fd618d16142f3b84355aa0bc96351\">HPHT ist eine Abk\u00fcrzung f\u00fcr High Pressure\u00a0\/ High Temperature. Diese Methode ahmt die nat\u00fcrliche Entstehung von Diamanten nach, indem Kohlenstoff hohen Temperaturen ausgesetzt und zusammengepresst wird. Dieser teure Prozess erfordert eine erhebliche Menge Energie.<\/p>\n<p data-gp-tth-0=\"c25d86e9b0f2565eeddd8c4b7c710ce7\">CVD ist eine Abk\u00fcrzung f\u00fcr Chemical Vapour Deposition. Eine Impfkristallkammer ist mit einer Mischung aus Wasserstoff und Methangas gef\u00fcllt. Mikrowellenenergie erhitzt die Kammer h\u00e4ufig auf eine hohe Temperatur, wodurch das Gas angeregt wird. Der Diamant w\u00e4chst auf dem Impfkristall.<\/p>\n<p>[\/vc_toggle][vc_toggle title=&#8220;F: Verblassen im Labor gez\u00fcchtete Diamanten mit der Zeit?&#8220; size=&#8220;lg&#8220;]<\/p>\n<p data-gp-tth-0=\"72e98e9301c5de0b4a824a26213fc4b6\">Wenn Sie in einen hochwertigen, im Labor gez\u00fcchteten Diamanten investieren m\u00f6chten, m\u00fcssen Sie sich keine Sorgen machen, dass er mit der Zeit rostet oder verblasst. Diese Diamanten sind gut getestet und erobern die Herzen vieler Menschen.<\/p>\n<p>[\/vc_toggle][vc_toggle title=&#8220;F: Was ist ein Zertifikat f\u00fcr im Labor gez\u00fcchtete Diamanten?&#8220; size=&#8220;lg&#8220;]<\/p>\n<p data-gp-tth-0=\"9245a91db2edd1d24e45a4a2d0aeb353\">Zertifizierte gemmologische Institute bewerten im Labor gez\u00fcchtete Diamanten mit den gleichen 4 Cs, die auch f\u00fcr die Bewertung nat\u00fcrlich abgebauter Diamanten verwendet werden. Das bedeutet, dass die Eigenschaften jedes Diamanten, wie Farbgrad, Karatgewicht, Reinheitsgrad und Schliffgrad, durch ein Diamantzertifikat wie das Mineralzertifikat best\u00e4tigt werden.<\/p>\n<p data-gp-tth-0=\"c5c2cc016ec96320f7340c7ac1b0e978\">Die bekanntesten Bewertungslabore, die diese Art von Zertifikaten ausstellen, sind das Gemological Institute of America (GIA), die American Gem Society (AGS) und das International Gemological Institute (IGI).<\/p>\n<p data-gp-tth-0=\"937aae4ad5b2803b7d9e72c1c7fc73b0\">Mit einem Zertifikat wie diesem k\u00f6nnen Sie eine fundierte Entscheidung treffen und Diamanten mit \u00e4hnlicher Eigenschaften vergleichen.<\/p>\n<p>[\/vc_toggle][vc_toggle title=&#8220;F: Lohnen sich im Labor gez\u00fcchtete Diamanten?&#8220; size=&#8220;lg&#8220;]<\/p>\n<p data-gp-tth-0=\"9245a91db2edd1d24e45a4a2d0aeb353\">Ja, von Menschenhand geschaffene Diamanten lohnen sich absolut! Sie k\u00f6nnen etwa 30\u00a0% weniger kosten als Erddiamanten und sind strukturell identisch, sodass Sie weniger f\u00fcr mehr investieren\u00a0\u2013 was perfekt ist.<\/p>\n<p>[\/vc_toggle][vc_toggle title=&#8220;F: Was ist der Hauptunterschied zwischen im Labor gez\u00fcchteten Diamanten und nat\u00fcrlichen Diamanten?&#8220; size=&#8220;lg&#8220;]<\/p>\n<p data-gp-tth-0=\"a4a853fca5b2b91e8dd265877895975a\">Der Hauptunterschied besteht darin, wie jeder einzelne entsteht. Der Mineraldiamant entsteht durch einen nat\u00fcrlichen Prozess, der von extrem lang andauernden nat\u00fcrlichen Faktoren abh\u00e4ngt. Der Labordiamant ist wiederum ein effizienterer Ansatz zur Herstellung von Diamanten mit demselben Aussehen und denselben physikalischen, chemischen, optischen und atomaren Eigenschaften.<\/p>\n<p data-gp-tth-0=\"a6d0dfa572f47e38e032f4bb64ef46f1\">Dar\u00fcber hinaus gibt es viele Schwierigkeiten beim Abbau von Mineraldiamanten, w\u00e4hrend die im Labor hergestellten Diamanten viel ethischer und umweltfreundlicher sind.<\/p>\n<p>[\/vc_toggle][vc_toggle title=&#8220;F: Sind im Labor gez\u00fcchtete Diamanten gef\u00e4lscht?&#8220; size=&#8220;lg&#8220;]<\/p>\n<p data-gp-tth-0=\"a4a853fca5b2b91e8dd265877895975a\">Im Labor gez\u00fcchtete Diamanten sind definitiv nicht ann\u00e4hernd gef\u00e4lschte Diamanten. Historisch gesehen bestanden falsche Diamanten meist aus Glas. Glas ist weitaus weniger haltbar und hat eine weitaus geringere Strahlkraft als ein gut geschliffener Diamant. Bei im Labor hergestellten Diamanten gibt es solche Probleme nicht. Sie sind so langlebig und strahlend wie Mineraldiamanten.<\/p>\n<p>[\/vc_toggle][vc_toggle title=&#8220;F: Werden im Labor hergestellte Diamanten als echte Diamanten getestet?&#8220; size=&#8220;lg&#8220;]<\/p>\n<p data-gp-tth-0=\"a4a853fca5b2b91e8dd265877895975a\">Im Labor hergestellte Diamanten haben die gleiche thermische und elektrische Leitf\u00e4higkeit wie gef\u00f6rderte Diamanten. Daher bestehen sie auch die Pr\u00fcfung durch einen Diamanttester.<\/p>\n<p>[\/vc_toggle][\/vc_column][\/vc_row]<\/p>\n<\/div>","protected":false},"excerpt":{"rendered":"<p>[vc_row css=&#8220;.vc_custom_1702965546815{background-color: #ffffff !important;}&#8220; woodmart_css_id=&#8220;65813123d0334&#8243; responsive_spacing=&#8220;eyJwYXJhbV90eXBlIjoid29vZG1hcnRfcmVzcG9uc2l2ZV9zcGFjaW5nIiwic2VsZWN0b3JfaWQiOiI2NTgxMzEyM2QwMzM0Iiwic2hvcnRjb2RlIjoidmNfcm93IiwiZGF0YSI6eyJ0YWJsZXQiOnt9LCJtb2JpbGUiOnt9fX0=&#8220; mobile_bg_img_hidden=&#8220;no&#8220; tablet_bg_img_hidden=&#8220;no&#8220; woodmart_parallax=&#8220;0&#8243; woodmart_gradient_switch=&#8220;no&#8220; woodmart_box_shadow=&#8220;no&#8220; wd_z_index=&#8220;no&#8220; woodmart_disable_overflow=&#8220;0&#8243; row_reverse_mobile=&#8220;0&#8243; row_reverse_tablet=&#8220;0&#8243;][vc_column][vc_toggle title=&#8220;F: Wie lange sind im<\/p>\n","protected":false},"author":1,"featured_media":0,"parent":9858,"menu_order":0,"comment_status":"closed","ping_status":"closed","template":"","meta":{"footnotes":""},"class_list":["post-9968","page","type-page","status-publish","hentry"],"_links":{"self":[{"href":"https:\/\/diamondsforever.ch\/de\/wp-json\/wp\/v2\/pages\/9968","targetHints":{"allow":["GET"]}}],"collection":[{"href":"https:\/\/diamondsforever.ch\/de\/wp-json\/wp\/v2\/pages"}],"about":[{"href":"https:\/\/diamondsforever.ch\/de\/wp-json\/wp\/v2\/types\/page"}],"author":[{"embeddable":true,"href":"https:\/\/diamondsforever.ch\/de\/wp-json\/wp\/v2\/users\/1"}],"replies":[{"embeddable":true,"href":"https:\/\/diamondsforever.ch\/de\/wp-json\/wp\/v2\/comments?post=9968"}],"version-history":[{"count":5,"href":"https:\/\/diamondsforever.ch\/de\/wp-json\/wp\/v2\/pages\/9968\/revisions"}],"predecessor-version":[{"id":10452,"href":"https:\/\/diamondsforever.ch\/de\/wp-json\/wp\/v2\/pages\/9968\/revisions\/10452"}],"up":[{"embeddable":true,"href":"https:\/\/diamondsforever.ch\/de\/wp-json\/wp\/v2\/pages\/9858"}],"wp:attachment":[{"href":"https:\/\/diamondsforever.ch\/de\/wp-json\/wp\/v2\/media?parent=9968"}],"curies":[{"name":"wp","href":"https:\/\/api.w.org\/{rel}","templated":true}]}}